{"id":3,"date":"2025-10-08T07:42:06","date_gmt":"2025-10-08T07:42:06","guid":{"rendered":"https:\/\/kpc.cz\/?page_id=3"},"modified":"2026-03-12T19:54:25","modified_gmt":"2026-03-12T17:54:25","slug":"privacy-policy","status":"publish","type":"page","link":"https:\/\/kpc.cz\/en\/zasady-ochrany-osobnich-udaju\/","title":{"rendered":"Privacy Policy"},"content":{"rendered":"<section class=\"bde-section-3-100 bde-section\">\n              \n  \n  \n\t\n\n  <div class=\"section-background-overlay\"><\/div>\n\n\n<div class=\"section-container\"><\/div>\n<\/section><section class=\"bde-section-3-101 bde-section\">\n  \n  \n\t\n\n\n\n<div class=\"section-container\"><div class=\"bde-div-3-102 bde-div\">\n  \n  \n\t\n\n\n\n\n<\/div><\/div>\n<\/section><section class=\"bde-section-3-103 bde-section\">\n  \n  \n\t\n\n\n\n<div class=\"section-container\"><div class=\"bde-div-3-104 bde-div\">\n  \n  \n\t\n\n\n\n<div class=\"bde-breadcrumbs-3-105 bde-breadcrumbs\" data-entrance=\"fade\"><nav aria-label=\"breadcrumbs\" class=\"rank-math-breadcrumb\"><p><span class=\"last\">KPC<\/span><\/p><\/nav><\/div><h2 class=\"bde-heading-3-106 bde-heading\" data-entrance=\"fade\">\nPrivacy Policy\n<\/h2>\n<\/div><\/div>\n<\/section><section class=\"bde-section-3-107 bde-section\">\n  \n  \n\t\n\n\n\n<div class=\"section-container\"><div class=\"bde-rich-text-3-140 bde-rich-text breakdance-rich-text-styles\">\n<h5 data-section-id=\"bbf9yx\" data-start=\"214\" data-end=\"242\">1. Personal data controller<\/h5><p data-start=\"243\" data-end=\"322\">The data controller is the company:<\/p><div class=\"bde-text-261-112 bde-text\">KR\u00c1LOVO POLE CRANES plc.<\/div><div class=\"bde-text-261-113 bde-text\">Brig\u00e1dnick\u00e1 231\/69,<br \/>Brno, 621 00<br \/>Czech Republic<\/div><div>\u00a0<\/div><div><div class=\"bde-div-261-151 bde-div\"><div class=\"bde-text-261-152 bde-text\">ID 46357408<\/div><\/div><div class=\"bde-div-261-154 bde-div\"><div class=\"bde-text-261-155 bde-text\">VAT CZ46357408<\/div><\/div><\/div><p data-start=\"324\" data-end=\"452\">If you have any questions about the processing of your personal data, you can contact us by e-mail:<br data-start=\"409\" data-end=\"412\" \/><strong data-start=\"412\" data-end=\"427\"><a class=\"decorated-link cursor-pointer\" rel=\"noopener\" data-start=\"414\" data-end=\"425\">info@kpc.cz<\/a><\/strong><\/p><h5 data-section-id=\"r5chp9\" data-start=\"459\" data-end=\"488\">2. What data we process<\/h5><p data-start=\"489\" data-end=\"560\">In particular, we may process the following personal data when you use our website:<\/p><ul data-start=\"562\" data-end=\"722\"><li data-section-id=\"1ktbggz\" data-start=\"562\" data-end=\"582\"><p data-start=\"564\" data-end=\"582\">name and surname<\/p><\/li><li data-section-id=\"1xi9pm1\" data-start=\"583\" data-end=\"604\"><p data-start=\"585\" data-end=\"604\">company name<\/p><\/li><li data-section-id=\"16erv4h\" data-start=\"605\" data-end=\"625\"><p data-start=\"607\" data-end=\"625\">e-mail address<\/p><\/li><li data-section-id=\"dtwso4\" data-start=\"626\" data-end=\"645\"><p data-start=\"628\" data-end=\"645\">phone number<\/p><\/li><li data-section-id=\"1pathos\" data-start=\"646\" data-end=\"722\"><p data-start=\"648\" data-end=\"722\">the information provided in the message sent via the contact form<\/p><\/li><\/ul><p data-start=\"724\" data-end=\"810\">You provide this information voluntarily via a form on the website.<\/p><h5 data-section-id=\"je5uas\" data-start=\"817\" data-end=\"853\">3. Purpose of the processing of personal data<\/h5><p data-start=\"854\" data-end=\"903\">We process your personal data mainly for the following purposes:<\/p><ul data-start=\"905\" data-end=\"1007\"><li data-section-id=\"1uss1el\" data-start=\"905\" data-end=\"943\"><p data-start=\"907\" data-end=\"943\">handling your inquiry or question<\/p><\/li><li data-section-id=\"19cprkv\" data-start=\"944\" data-end=\"965\"><p data-start=\"946\" data-end=\"965\">communication with you<\/p><\/li><li data-section-id=\"173e3vc\" data-start=\"966\" data-end=\"1007\"><p data-start=\"968\" data-end=\"1007\">providing information about our services<\/p><\/li><\/ul><h5 data-section-id=\"14dwi5k\" data-start=\"1014\" data-end=\"1039\">4. Data retention period<\/h5><p data-start=\"1040\" data-end=\"1167\">We only retain personal data for as long as necessary to process your request or as required by law.<\/p><h5 data-section-id=\"iyir7k\" data-start=\"1174\" data-end=\"1204\">5. Transmission of personal data<\/h5><p data-start=\"1205\" data-end=\"1338\">We do not transfer your personal data to third parties, except as necessary for the operation of the Web Services or as required by law.<\/p><h5 data-section-id=\"152q08q\" data-start=\"1345\" data-end=\"1361\">6. Your rights<\/h5><p data-start=\"1362\" data-end=\"1390\">Under the GDPR, you have the right to:<\/p><ul data-start=\"1392\" data-end=\"1630\"><li data-section-id=\"1w755cl\" data-start=\"1392\" data-end=\"1436\"><p data-start=\"1394\" data-end=\"1436\">request access to your personal data<\/p><\/li><li data-section-id=\"maxozd\" data-start=\"1437\" data-end=\"1474\"><p data-start=\"1439\" data-end=\"1474\">request the correction of inaccurate data<\/p><\/li><li data-section-id=\"11d8cou\" data-start=\"1475\" data-end=\"1509\"><p data-start=\"1477\" data-end=\"1509\">request the deletion of personal data<\/p><\/li><li data-section-id=\"tk2va2\" data-start=\"1510\" data-end=\"1542\"><p data-start=\"1512\" data-end=\"1542\">require restriction of processing<\/p><\/li><li data-section-id=\"1aosrmc\" data-start=\"1543\" data-end=\"1578\"><p data-start=\"1545\" data-end=\"1578\">object to processing<\/p><\/li><li data-section-id=\"n5mils\" data-start=\"1579\" data-end=\"1630\"><p data-start=\"1581\" data-end=\"1630\">file a complaint with the Office for Personal Data Protection<\/p><\/li><\/ul><h5 data-section-id=\"10p2t6m\" data-start=\"1637\" data-end=\"1660\">7. Data security<\/h5><p data-start=\"1661\" data-end=\"1781\">We protect personal data using technical and organisational measures to prevent unauthorised access or misuse.<\/p><h5 data-section-id=\"makzdf\" data-start=\"1788\" data-end=\"1801\">8. Contact<\/h5><p data-start=\"1802\" data-end=\"1881\">If you have any questions about privacy, please contact us at:<\/p><p data-start=\"1883\" data-end=\"1898\"><strong data-start=\"1883\" data-end=\"1898\"><a class=\"decorated-link cursor-pointer\" rel=\"noopener\" data-start=\"1885\" data-end=\"1896\">info@kpc.cz<\/a><\/strong><\/p>\n<\/div><\/div>\n<\/section>","protected":false},"excerpt":{"rendered":"<p>KPC Z\u00e1sady ochrany osobn\u00edch \u00fadaj\u016f 1. Spr\u00e1vce osobn\u00edch \u00fadaj\u016fSpr\u00e1vcem osobn\u00edch \u00fadaj\u016f je spole\u010dnost:KR\u00c1LOVO POLE CRANES a.s.Brig\u00e1dnick\u00e1 231\/69,Brno, 621 00\u010cesk\u00e1 republika\u00a0I\u010c 46357408DI\u010c CZ46357408V p\u0159\u00edpad\u011b dotaz\u016f ohledn\u011b zpracov\u00e1n\u00ed osobn\u00edch \u00fadaj\u016f n\u00e1s m\u016f\u017eete kontaktovat na e-mailu:info@kpc.cz2. Jak\u00e9 \u00fadaje zpracov\u00e1v\u00e1meP\u0159i vyu\u017e\u00edv\u00e1n\u00ed na\u0161eho webu m\u016f\u017eeme zpracov\u00e1vat zejm\u00e9na tyto osobn\u00ed \u00fadaje:jm\u00e9no a p\u0159\u00edjmen\u00edn\u00e1zev spole\u010dnostie-mailov\u00e1 adresatelefonn\u00ed \u010d\u00edsloinformace uveden\u00e9 ve zpr\u00e1v\u011b odeslan\u00e9 prost\u0159ednictv\u00edm [&hellip;]<\/p>\n","protected":false},"author":1,"featured_media":0,"parent":0,"menu_order":0,"comment_status":"closed","ping_status":"open","template":"","meta":{"_acf_changed":false,"_breakdance_hide_in_design_set":false,"_breakdance_tags":"","footnotes":""},"class_list":["post-3","page","type-page","status-publish","hentry"],"acf":[],"_links":{"self":[{"href":"https:\/\/kpc.cz\/en\/wp-json\/wp\/v2\/pages\/3","targetHints":{"allow":["GET"]}}],"collection":[{"href":"https:\/\/kpc.cz\/en\/wp-json\/wp\/v2\/pages"}],"about":[{"href":"https:\/\/kpc.cz\/en\/wp-json\/wp\/v2\/types\/page"}],"author":[{"embeddable":true,"href":"https:\/\/kpc.cz\/en\/wp-json\/wp\/v2\/users\/1"}],"replies":[{"embeddable":true,"href":"https:\/\/kpc.cz\/en\/wp-json\/wp\/v2\/comments?post=3"}],"version-history":[{"count":4,"href":"https:\/\/kpc.cz\/en\/wp-json\/wp\/v2\/pages\/3\/revisions"}],"predecessor-version":[{"id":1883,"href":"https:\/\/kpc.cz\/en\/wp-json\/wp\/v2\/pages\/3\/revisions\/1883"}],"wp:attachment":[{"href":"https:\/\/kpc.cz\/en\/wp-json\/wp\/v2\/media?parent=3"}],"curies":[{"name":"wp","href":"https:\/\/api.w.org\/{rel}","templated":true}]}}