{"id":261,"date":"2025-10-16T11:58:43","date_gmt":"2025-10-16T09:58:43","guid":{"rendered":"https:\/\/kpc.cz\/?page_id=261"},"modified":"2026-03-18T10:27:39","modified_gmt":"2026-03-18T08:27:39","slug":"contact","status":"publish","type":"page","link":"https:\/\/kpc.cz\/en\/kontakty\/","title":{"rendered":"Contact"},"content":{"rendered":"<section class=\"bde-section-261-100 bde-section\">\n              \n  \n  \n\t\n\n  <div class=\"section-background-overlay\"><\/div>\n\n\n<div class=\"section-container\"><\/div>\n<\/section><section class=\"bde-section-261-101 bde-section\">\n  \n  \n\t\n\n\n\n<div class=\"section-container\"><div class=\"bde-div-261-102 bde-div\">\n  \n  \n\t\n\n\n\n\n<\/div><\/div>\n<\/section><section class=\"bde-section-261-306 bde-section\">\n  \n  \n\t\n\n\n\n<div class=\"section-container\"><div class=\"bde-div-261-307 bde-div\">\n  \n  \n\t\n\n\n\n<div class=\"bde-breadcrumbs-261-308 bde-breadcrumbs\" data-entrance=\"fade\"><nav aria-label=\"breadcrumbs\" class=\"rank-math-breadcrumb\"><p><span class=\"last\">KPC<\/span><\/p><\/nav><\/div><h2 class=\"bde-heading-261-309 bde-heading\" data-entrance=\"fade\">\nContact\n<\/h2>\n<\/div><\/div>\n<\/section><section class=\"bde-section-261-103 bde-section\">\n  \n  \n\t\n\n\n\n<div class=\"section-container\"><div class=\"bde-fancy-divider-261-107 bde-fancy-divider\">\n\n\n<div class=\"bde-fancy-divider__wrapper\">\n  <div class=\"bde-fancy-divider__separator\">\n  \t  <\/div>\n<\/div>\n\n<\/div><\/div>\n<\/section><section class=\"bde-section-261-106 bde-section\">\n  \n  \n\t\n\n\n\n<div class=\"section-container\"><div class=\"bde-columns-261-108 bde-columns\"><div class=\"bde-column-261-109 bde-column\">\n  \n  \n\t\n\n\n\n<h3 class=\"bde-heading-261-111 bde-heading\" data-entrance=\"slideLeft\">\nCompany\n<\/h3>\n<\/div><div class=\"bde-column-261-110 bde-column\">\n  \n  \n\t\n\n\n\n<div class=\"bde-columns-261-310 bde-columns\"><div class=\"bde-column-261-311 bde-column\">\n  \n  \n\t\n\n\n\n<div class=\"bde-text-261-112 bde-text\">\nKR\u00c1LOVO POLE CRANES plc.\n<\/div><div class=\"bde-text-261-113 bde-text\">\nBrig\u00e1dnick\u00e1 231\/69, <br>Brno, 621 00<br>Czech Republic\n<\/div>\n<\/div><div class=\"bde-column-261-312 bde-column\">\n  \n  \n\t\n\n\n\n<div class=\"bde-div-261-118 bde-div\">\n  \n  \n\t\n\n\n\n<div class=\"bde-div-261-151 bde-div\">\n  \n  \n\t\n\n\n\n<div class=\"bde-text-261-152 bde-text\">\nID\n<\/div><div class=\"bde-text-261-153 bde-text\">\n46357408\n<\/div>\n<\/div><div class=\"bde-div-261-154 bde-div\">\n  \n  \n\t\n\n\n\n<div class=\"bde-text-261-155 bde-text\">\nTAX ID\n<\/div><div class=\"bde-text-261-156 bde-text\">\nCZ46357408\n<\/div>\n<\/div><div class=\"bde-div-261-157 bde-div\">\n  \n  \n\t\n\n\n\n<div class=\"bde-text-261-158 bde-text\">\nAccount no.\n<\/div><div class=\"bde-code-block-261-167 bde-code-block\">\n\n  <div class=\"info-row\">\n  <span class=\"value\">372633933 \/ 0300<\/span>\n\n  <button class=\"copy-btn\">\n    <svg xmlns=\"http:\/\/www.w3.org\/2000\/svg\" width=\"18\" height=\"18\" fill=\"none\" viewbox=\"0 0 24 24\" stroke=\"currentColor\" stroke-width=\"2\">\n      <rect x=\"9\" y=\"9\" width=\"13\" height=\"13\" rx=\"2\" ry=\"2\"><\/rect>\n      <path d=\"M5 15H4a2 2 0 0 1-2-2V4a2 2 0 0 1 2-2h9a2 2 0 0 1 2 2v1\"><\/path>\n    <\/svg>\n    <span>Click to copy<\/span>\n  <\/button>\n<\/div>\n\n<style>\n.info-row {\n  display: flex;\n  align-items: center;\n  gap: 12px;\n  font-family: system-ui, sans-serif;\n}\n\n.value {\n  font-size: 18px;\n  color: #000 !important;\n  font-weight: 500;\n}\n\n.copy-btn {\n  display: inline-flex;\n  align-items: center;\n  gap: 6px;\n  padding: 6px 14px;\n  border: 1px solid #ccc;\n  border-radius: 999px;\n  background: #fff;\n  color: #000;\n  font-size: 14px;\n  cursor: pointer;\n  transition: all 0.2s ease;\n}\n\n.copy-btn:hover {\n  background: #f5f5f5;\n  border-color: #999;\n}\n\n.copy-btn svg {\n  transition: transform 0.2s ease;\n}\n\n.copy-btn:hover svg {\n  transform: scale(1.1);\n}\n\n@media (max-width: 768px) {\n  .info-row {\n    flex-direction: column;\n    align-items: flex-start; \/* zarovn\u00e1 vlevo *\/\n    gap: 8px;\n  }\n\n  .copy-btn {\n    width: auto;\n    align-self: flex-start; \/* zajist\u00ed, \u017ee z\u016fstane vlevo *\/\n  }\n}\n<\/style>\n\n<script>\ndocument.addEventListener('click', function (e) {\n  if (e.target.closest('.copy-btn')) {\n    const button = e.target.closest('.copy-btn');\n    const text = button.closest('.info-row').querySelector('.value').innerText.trim();\n\n    navigator.clipboard.writeText(text).then(() => {\n      const original = button.innerHTML;\n      button.innerHTML = '\u2705 Zkop\u00edrov\u00e1no';\n      setTimeout(() => button.innerHTML = original, 1500);\n    });\n  }\n});\n<\/script>\n\n\n<\/div>\n<\/div><div class=\"bde-div-261-160 bde-div\">\n  \n  \n\t\n\n\n\n<div class=\"bde-text-261-161 bde-text\">\nIBAN\n<\/div><div class=\"bde-code-block-261-168 bde-code-block\">\n\n  <div class=\"info-row\">\n  <span class=\"value\">CZ16 0300 0000 0003 7263 3933<\/span>\n\n  <button class=\"copy-btn\">\n    <svg xmlns=\"http:\/\/www.w3.org\/2000\/svg\" width=\"18\" height=\"18\" fill=\"none\" viewbox=\"0 0 24 24\" stroke=\"currentColor\" stroke-width=\"2\">\n      <rect x=\"9\" y=\"9\" width=\"13\" height=\"13\" rx=\"2\" ry=\"2\"><\/rect>\n      <path d=\"M5 15H4a2 2 0 0 1-2-2V4a2 2 0 0 1 2-2h9a2 2 0 0 1 2 2v1\"><\/path>\n    <\/svg>\n    <span>Click to copy<\/span>\n  <\/button>\n<\/div>\n\n<style>\n.info-row {\n  display: flex;\n  align-items: center;\n  gap: 12px;\n  font-family: system-ui, sans-serif;\n}\n\n.value {\n  font-size: 18px;\n  color: #000 !important;\n  font-weight: 500;\n}\n\n.copy-btn {\n  display: inline-flex;\n  align-items: center;\n  gap: 6px;\n  padding: 6px 14px;\n  border: 1px solid #ccc;\n  border-radius: 999px;\n  background: #fff;\n  color: #000;\n  font-size: 14px;\n  cursor: pointer;\n  transition: all 0.2s ease;\n}\n\n.copy-btn:hover {\n  background: #f5f5f5;\n  border-color: #999;\n}\n\n.copy-btn svg {\n  transition: transform 0.2s ease;\n}\n\n.copy-btn:hover svg {\n  transform: scale(1.1);\n}\n\n@media (max-width: 768px) {\n  .info-row {\n    flex-direction: column;\n    align-items: flex-start; \/* zarovn\u00e1 vlevo *\/\n    gap: 8px;\n  }\n\n  .copy-btn {\n    width: auto;\n    align-self: flex-start; \/* zajist\u00ed, \u017ee z\u016fstane vlevo *\/\n  }\n}\n<\/style>\n\n<script>\ndocument.addEventListener('click', function (e) {\n  if (e.target.closest('.copy-btn')) {\n    const button = e.target.closest('.copy-btn');\n    const text = button.closest('.info-row').querySelector('.value').innerText.trim();\n\n    navigator.clipboard.writeText(text).then(() => {\n      const original = button.innerHTML;\n      button.innerHTML = '\u2705 Zkop\u00edrov\u00e1no';\n      setTimeout(() => button.innerHTML = original, 1500);\n    });\n  }\n});\n<\/script>\n\n\n<\/div>\n<\/div><div class=\"bde-div-261-163 bde-div\">\n  \n  \n\t\n\n\n\n<div class=\"bde-text-261-164 bde-text\">\nBIC\n<\/div><div class=\"bde-code-block-261-169 bde-code-block\">\n\n  <div class=\"info-row\">\n  <span class=\"value\">CEKOCZPP<\/span>\n\n  <button class=\"copy-btn\">\n    <svg xmlns=\"http:\/\/www.w3.org\/2000\/svg\" width=\"18\" height=\"18\" fill=\"none\" viewbox=\"0 0 24 24\" stroke=\"currentColor\" stroke-width=\"2\">\n      <rect x=\"9\" y=\"9\" width=\"13\" height=\"13\" rx=\"2\" ry=\"2\"><\/rect>\n      <path d=\"M5 15H4a2 2 0 0 1-2-2V4a2 2 0 0 1 2-2h9a2 2 0 0 1 2 2v1\"><\/path>\n    <\/svg>\n    <span>Click to copy<\/span>\n  <\/button>\n<\/div>\n\n<style>\n.info-row {\n  display: flex;\n  align-items: center;\n  gap: 12px;\n  font-family: system-ui, sans-serif;\n}\n\n.value {\n  font-size: 18px;\n  color: #000 !important;\n  font-weight: 500;\n}\n\n.copy-btn {\n  display: inline-flex;\n  align-items: center;\n  gap: 6px;\n  padding: 6px 14px;\n  border: 1px solid #ccc;\n  border-radius: 999px;\n  background: #fff;\n  color: #000;\n  font-size: 14px;\n  cursor: pointer;\n  transition: all 0.2s ease;\n}\n\n.copy-btn:hover {\n  background: #f5f5f5;\n  border-color: #999;\n}\n\n.copy-btn svg {\n  transition: transform 0.2s ease;\n}\n\n.copy-btn:hover svg {\n  transform: scale(1.1);\n}\n\n@media (max-width: 768px) {\n  .info-row {\n    flex-direction: column;\n    align-items: flex-start; \/* zarovn\u00e1 vlevo *\/\n    gap: 8px;\n  }\n\n  .copy-btn {\n    width: auto;\n    align-self: flex-start; \/* zajist\u00ed, \u017ee z\u016fstane vlevo *\/\n  }\n}\n<\/style>\n\n<script>\ndocument.addEventListener('click', function (e) {\n  if (e.target.closest('.copy-btn')) {\n    const button = e.target.closest('.copy-btn');\n    const text = button.closest('.info-row').querySelector('.value').innerText.trim();\n\n    navigator.clipboard.writeText(text).then(() => {\n      const original = button.innerHTML;\n      button.innerHTML = '\u2705 Zkop\u00edrov\u00e1no';\n      setTimeout(() => button.innerHTML = original, 1500);\n    });\n  }\n});\n<\/script>\n\n\n<\/div>\n<\/div>\n<\/div>\n<\/div><\/div>\n<\/div><\/div><div class=\"bde-fancy-divider-261-353 bde-fancy-divider\">\n\n\n<div class=\"bde-fancy-divider__wrapper\">\n  <div class=\"bde-fancy-divider__separator\">\n  \t  <\/div>\n<\/div>\n\n<\/div><div class=\"bde-columns-261-332 bde-columns\"><div class=\"bde-column-261-333 bde-column\">\n  \n  \n\t\n\n\n\n<h3 class=\"bde-heading-261-339 bde-heading\" data-entrance=\"slideLeft\">\nOffices\n<\/h3>\n<\/div><div class=\"bde-column-261-334 bde-column\">\n  \n  \n\t\n\n\n\n<div class=\"bde-columns-261-335 bde-columns\"><div class=\"bde-column-261-336 bde-column\">\n  \n  \n\t\n\n\n\n<div class=\"bde-text-261-340 bde-text\">\nBrig\u00e1dnick\u00e1 231\/69, <br>Brno, 621 00<br>Czech Republic\n<\/div><a class=\"bde-text-link-261-341 bde-text-link breakdance-link\" href=\"https:\/\/www.google.com\/maps?cid=15476522169187451209&amp;g_mp=CiVnb29nbGUubWFwcy5wbGFjZXMudjEuUGxhY2VzLkdldFBsYWNlEAEYASAB&amp;hl=cs&amp;source=embed\" target=\"_blank\" data-type=\"url\" rel=\"noopener\">\n  View on map\n\n<\/a>\n<\/div><div class=\"bde-column-261-337 bde-column\">\n  \n  \n\t\n\n\n\n<div class=\"bde-google-map-261-342 bde-google-map\">\r\n<iframe width=\"100%\" height=\"100%\" style=\"border:0\" loading=\"lazy\" title=\"Map\" src=\"https:\/\/maps.google.com\/maps?q=Kr%C3%A1lovo+pole+cranes&t=m&z=12&output=embed&iwloc=near\" allowfullscreen><\/iframe>\n<\/div>\n<\/div><\/div>\n<\/div><\/div><div class=\"bde-fancy-divider-261-354 bde-fancy-divider\">\n\n\n<div class=\"bde-fancy-divider__wrapper\">\n  <div class=\"bde-fancy-divider__separator\">\n  \t  <\/div>\n<\/div>\n\n<\/div><div class=\"bde-columns-261-343 bde-columns\"><div class=\"bde-column-261-344 bde-column\">\n  \n  \n\t\n\n\n\n<h3 class=\"bde-heading-261-345 bde-heading\" data-entrance=\"slideLeft\">\nTechnical workspace\n<\/h3>\n<\/div><div class=\"bde-column-261-346 bde-column\">\n  \n  \n\t\n\n\n\n<div class=\"bde-columns-261-347 bde-columns\"><div class=\"bde-column-261-348 bde-column\">\n  \n  \n\t\n\n\n\n<div class=\"bde-text-261-349 bde-text\">\nKar\u00e1sek 2245\/1f, <br>Brno, 621 00<br>Czech Republic\n<\/div><a class=\"bde-text-link-261-350 bde-text-link breakdance-link\" href=\"https:\/\/maps.app.goo.gl\/JNHzhJHvMdtv2EE67\" target=\"_blank\" data-type=\"url\" rel=\"noopener\">\n  View on map\n\n<\/a>\n<\/div><div class=\"bde-column-261-351 bde-column\">\n  \n  \n\t\n\n\n\n<div class=\"bde-google-map-261-352 bde-google-map\">\r\n<iframe width=\"100%\" height=\"100%\" style=\"border:0\" loading=\"lazy\" title=\"Map\" src=\"https:\/\/maps.google.com\/maps?q=Kar%C3%A1sek+2245%2C+621+00+Brno-%C5%98e%C4%8Dkovice+a+Mokr%C3%A1+Hora&t=m&z=12&output=embed&iwloc=near\" allowfullscreen><\/iframe>\n<\/div>\n<\/div><\/div>\n<\/div><\/div><div class=\"bde-fancy-divider-261-172 bde-fancy-divider\">\n\n\n<div class=\"bde-fancy-divider__wrapper\">\n  <div class=\"bde-fancy-divider__separator\">\n  \t  <\/div>\n<\/div>\n\n<\/div><\/div>\n<\/section><section class=\"bde-section-261-173 bde-section\">\n  \n  \n\t\n\n\n\n<div class=\"section-container\"><div class=\"bde-columns-261-174 bde-columns\"><div class=\"bde-column-261-175 bde-column\">\n  \n  \n\t\n\n\n\n<h3 class=\"bde-heading-261-176 bde-heading\" data-entrance=\"slideLeft\">\nSecretariat\n<\/h3>\n<\/div><div class=\"bde-column-261-177 bde-column\">\n  \n  \n\t\n\n\n\n<div class=\"bde-div-261-200 bde-div\">\n  \n  \n\t\n\n\n\n<div class=\"bde-text-261-329 bde-text\">\nLucie Jamborova\n<\/div><div class=\"bde-div-261-201 bde-div\">\n  \n  \n\t\n\n\n\n<a class=\"bde-text-link-261-216 bde-text-link breakdance-link\" href=\"tel:+420602757422\" target=\"_self\" data-type=\"url\">\n  +420 602 757 422\n\n<\/a>\n<\/div><div class=\"bde-div-261-204 bde-div\">\n  \n  \n\t\n\n\n\n<a class=\"bde-text-link-261-217 bde-text-link breakdance-link\" href=\"mailto:info@kpc.cz\" target=\"_self\" data-type=\"url\">\n  info@kpc.cz\n\n<\/a>\n<\/div>\n<\/div>\n<\/div><\/div><div class=\"bde-fancy-divider-261-199 bde-fancy-divider\">\n\n\n<div class=\"bde-fancy-divider__wrapper\">\n  <div class=\"bde-fancy-divider__separator\">\n  \t  <\/div>\n<\/div>\n\n<\/div><\/div>\n<\/section><section class=\"bde-section-261-252 bde-section\">\n  \n  \n\t\n\n\n\n<div class=\"section-container\"><div class=\"bde-columns-261-253 bde-columns\"><div class=\"bde-column-261-254 bde-column\">\n  \n  \n\t\n\n\n\n<h3 class=\"bde-heading-261-255 bde-heading\" data-entrance=\"slideLeft\">\nManagement<br>companies\n<\/h3>\n<\/div><div class=\"bde-column-261-256 bde-column\">\n  \n  \n\t\n\n\n\n<div class=\"bde-div-261-257 bde-div\">\n  \n  \n\t\n\n\n\n<div class=\"bde-text-261-265 bde-text\">\nJan Mikel\n<\/div><div class=\"bde-text-261-266 bde-text\">\nExecutive Director\n<\/div><a class=\"bde-text-link-261-267 bde-text-link breakdance-link\" href=\"tel:+420605703445\" target=\"_self\" data-type=\"url\">\n  +420 605 703 445\n\n<\/a><a class=\"bde-text-link-261-268 bde-text-link breakdance-link\" href=\"mailto:mikel@kpc.cz\" target=\"_self\" data-type=\"url\">\n  mikel@kpc.cz\n\n<\/a>\n<\/div><div class=\"bde-div-261-314 bde-div\">\n  \n  \n\t\n\n\n\n<div class=\"bde-text-261-315 bde-text\">\nIng. Ji\u0159\u00ed Nezbeda\n<\/div><div class=\"bde-text-261-316 bde-text\">\nTechnical Director\n<\/div><a class=\"bde-text-link-261-317 bde-text-link breakdance-link\" href=\"tel:+420605786141\" target=\"_self\" data-type=\"url\">\n  +420 605 786 141\n\n<\/a><a class=\"bde-text-link-261-318 bde-text-link breakdance-link\" href=\"mailto:nezbeda@kpc.cz\" target=\"_self\" data-type=\"url\">\n  nezbeda@kpc.cz\n\n<\/a>\n<\/div><div class=\"bde-div-261-355 bde-div\">\n  \n  \n\t\n\n\n\n<div class=\"bde-text-261-356 bde-text\">\nIng. Miroslav \u017did\n<\/div><div class=\"bde-text-261-357 bde-text\">\nExecutive Project Manager\n<\/div><a class=\"bde-text-link-261-358 bde-text-link breakdance-link\" href=\"tel:+420725542448\" target=\"_self\" data-type=\"url\">\n  +420 725 542 448\n\n<\/a><a class=\"bde-text-link-261-359 bde-text-link breakdance-link\" href=\"mailto:zid@kpc.cz\" target=\"_self\" data-type=\"url\">\n  zid@kpc.cz\n\n<\/a>\n<\/div>\n<\/div><\/div><div class=\"bde-fancy-divider-261-264 bde-fancy-divider\">\n\n\n<div class=\"bde-fancy-divider__wrapper\">\n  <div class=\"bde-fancy-divider__separator\">\n  \t  <\/div>\n<\/div>\n\n<\/div><\/div>\n<\/section><section class=\"bde-section-261-274 bde-section\">\n  \n  \n\t\n\n\n\n<div class=\"section-container\"><div class=\"bde-columns-261-275 bde-columns\"><div class=\"bde-column-261-276 bde-column\">\n  \n  \n\t\n\n\n\n<h3 class=\"bde-heading-261-277 bde-heading\" data-entrance=\"slideLeft\">\nBusiness<br>Department\n<\/h3>\n<\/div><div class=\"bde-column-261-278 bde-column\">\n  \n  \n\t\n\n\n\n<div class=\"bde-div-261-279 bde-div\">\n  \n  \n\t\n\n\n\n<div class=\"bde-text-261-280 bde-text\">\nMrs Eva Dole\u017ealov\u00e1\n<\/div><div class=\"bde-text-261-281 bde-text\">\nBusiness manager\n<\/div><a class=\"bde-text-link-261-282 bde-text-link breakdance-link\" href=\"tel:+420724000432\" target=\"_self\" data-type=\"url\">\n  +420 724 000 432\n\n<\/a><a class=\"bde-text-link-261-283 bde-text-link breakdance-link\" href=\"mailto:dolezalova@kpc.cz\" target=\"_self\" data-type=\"url\">\n  dolezalova@kpc.cz\n\n<\/a>\n<\/div><div class=\"bde-div-261-284 bde-div\">\n  \n  \n\t\n\n\n\n<div class=\"bde-text-261-285 bde-text\">\nKate\u0159ina Hors\u00e1kov\u00e1\n<\/div><div class=\"bde-text-261-286 bde-text\">\nBusiness Officer\n<\/div><a class=\"bde-text-link-261-287 bde-text-link breakdance-link\" href=\"tel:+420702036642\" target=\"_self\" data-type=\"url\">\n  +420 702 036 642\n\n<\/a><a class=\"bde-text-link-261-288 bde-text-link breakdance-link\" href=\"mailto:horsakova@kpc.cz\" target=\"_self\" data-type=\"url\">\n  horsakova@kpc.cz\n\n<\/a>\n<\/div><div class=\"bde-div-261-319 bde-div\">\n  \n  \n\t\n\n\n\n<div class=\"bde-text-261-320 bde-text\">\nMichal Dostalik\n<\/div><div class=\"bde-text-261-321 bde-text\">\nProject Manager\n<\/div><a class=\"bde-text-link-261-322 bde-text-link breakdance-link\" href=\"tel:+420732506214\" target=\"_self\" data-type=\"url\">\n  +420 732 506 214\n\n<\/a><a class=\"bde-text-link-261-323 bde-text-link breakdance-link\" href=\"mailto:dostalik@kpc.cz\" target=\"_self\" data-type=\"url\">\n  dostalik@kpc.cz\n\n<\/a>\n<\/div>\n<\/div><\/div><div class=\"bde-fancy-divider-261-289 bde-fancy-divider\">\n\n\n<div class=\"bde-fancy-divider__wrapper\">\n  <div class=\"bde-fancy-divider__separator\">\n  \t  <\/div>\n<\/div>\n\n<\/div><\/div>\n<\/section><section class=\"bde-section-261-290 bde-section\">\n  \n  \n\t\n\n\n\n<div class=\"section-container\"><div class=\"bde-columns-261-291 bde-columns\"><div class=\"bde-column-261-292 bde-column\">\n  \n  \n\t\n\n\n\n<h3 class=\"bde-heading-261-293 bde-heading\" data-entrance=\"slideLeft\">\nTechnical<br>Department\n<\/h3>\n<\/div><div class=\"bde-column-261-294 bde-column\">\n  \n  \n\t\n\n\n\n<div class=\"bde-div-261-300 bde-div\">\n  \n  \n\t\n\n\n\n<div class=\"bde-text-261-301 bde-text\">\nIng. Petr jel\u00ednek\n<\/div><div class=\"bde-text-261-302 bde-text\">\nSenior Designer\n<\/div><div class=\"bde-text-261-330 bde-text\">\nCranes and lifting equipment\n<\/div><a class=\"bde-text-link-261-303 bde-text-link breakdance-link\" href=\"tel:+420602724220\" target=\"_self\" data-type=\"url\">\n  +420 602 724 220\n\n<\/a><a class=\"bde-text-link-261-304 bde-text-link breakdance-link\" href=\"mailto:jelinek@kpc.cz\" target=\"_self\" data-type=\"url\">\n  jelinek@kpc.cz\n\n<\/a>\n<\/div><div class=\"bde-div-261-295 bde-div\">\n  \n  \n\t\n\n\n\n<div class=\"bde-text-261-296 bde-text\">\nIng. Old\u0159ich Da\u0148hel\n<\/div><div class=\"bde-text-261-297 bde-text\">\nDesigner\n<\/div><div class=\"bde-text-261-331 bde-text\">\nCabins and handling equipment\n<\/div><a class=\"bde-text-link-261-298 bde-text-link breakdance-link\" href=\"tel:+420702036642\" target=\"_self\" data-type=\"url\">\n  +420 702 036 642\n\n<\/a><a class=\"bde-text-link-261-299 bde-text-link breakdance-link\" href=\"mailto:danhel@kpc.cz\" target=\"_self\" data-type=\"url\">\n  danhel@kpc.cz\n\n<\/a>\n<\/div><div class=\"bde-div-261-324 bde-div\">\n  \n  \n\t\n\n\n\n<div class=\"bde-text-261-325 bde-text\">\nIng. Luk\u00e1\u0161 L\u00e1n\u00edk\n<\/div><div class=\"bde-text-261-326 bde-text\">\nElectro Specialist\n<\/div><a class=\"bde-text-link-261-327 bde-text-link breakdance-link\" href=\"tel:+420702104732\" target=\"_self\" data-type=\"url\">\n  +420 702 104 732\n\n<\/a><a class=\"bde-text-link-261-328 bde-text-link breakdance-link\" href=\"mailto:lanik@kpc.cz\" target=\"_self\" data-type=\"url\">\n  lanik@kpc.cz\n\n<\/a>\n<\/div>\n<\/div><\/div><div class=\"bde-fancy-divider-261-305 bde-fancy-divider\">\n\n\n<div class=\"bde-fancy-divider__wrapper\">\n  <div class=\"bde-fancy-divider__separator\">\n  \t  <\/div>\n<\/div>\n\n<\/div><\/div>\n<\/section>","protected":false},"excerpt":{"rendered":"<p>KPC Kontakty Spole\u010dnost KR\u00c1LOVO POLE CRANES a.s. Brig\u00e1dnick\u00e1 231\/69, Brno, 621 00\u010cesk\u00e1 republika I\u010c 46357408 DI\u010c CZ46357408 \u010c. \u00fa. 372633933 \/ 0300 Zkop\u00edrovat IBAN CZ16 0300 0000 0003 7263 3933 Zkop\u00edrovat BIC CEKOCZPP Zkop\u00edrovat Kancel\u00e1\u0159e Brig\u00e1dnick\u00e1 231\/69, Brno, 621 00\u010cesk\u00e1 republika Zobrazit na map\u011b Technick\u00e9 pracovi\u0161t\u011b Kar\u00e1sek 2245\/1f, Brno, 621 00\u010cesk\u00e1 republika Zobrazit na map\u011b [&hellip;]<\/p>\n","protected":false},"author":1,"featured_media":0,"parent":0,"menu_order":0,"comment_status":"closed","ping_status":"closed","template":"","meta":{"_acf_changed":false,"_breakdance_hide_in_design_set":false,"_breakdance_tags":"","footnotes":""},"class_list":["post-261","page","type-page","status-publish","hentry"],"acf":[],"_links":{"self":[{"href":"https:\/\/kpc.cz\/en\/wp-json\/wp\/v2\/pages\/261","targetHints":{"allow":["GET"]}}],"collection":[{"href":"https:\/\/kpc.cz\/en\/wp-json\/wp\/v2\/pages"}],"about":[{"href":"https:\/\/kpc.cz\/en\/wp-json\/wp\/v2\/types\/page"}],"author":[{"embeddable":true,"href":"https:\/\/kpc.cz\/en\/wp-json\/wp\/v2\/users\/1"}],"replies":[{"embeddable":true,"href":"https:\/\/kpc.cz\/en\/wp-json\/wp\/v2\/comments?post=261"}],"version-history":[{"count":85,"href":"https:\/\/kpc.cz\/en\/wp-json\/wp\/v2\/pages\/261\/revisions"}],"predecessor-version":[{"id":1977,"href":"https:\/\/kpc.cz\/en\/wp-json\/wp\/v2\/pages\/261\/revisions\/1977"}],"wp:attachment":[{"href":"https:\/\/kpc.cz\/en\/wp-json\/wp\/v2\/media?parent=261"}],"curies":[{"name":"wp","href":"https:\/\/api.w.org\/{rel}","templated":true}]}}