{"id":1312,"date":"2026-02-11T21:25:14","date_gmt":"2026-02-11T19:25:14","guid":{"rendered":"https:\/\/kpc.cz\/?page_id=1312"},"modified":"2026-03-12T17:53:33","modified_gmt":"2026-03-12T15:53:33","slug":"projects-supported-by-eu-subsidies","status":"publish","type":"page","link":"https:\/\/kpc.cz\/en\/projekty-s-podporou-dotaci-eu\/","title":{"rendered":"Projects supported by EU grants"},"content":{"rendered":"<section class=\"bde-section-1312-100 bde-section\">\n              \n  \n  \n\t\n\n  <div class=\"section-background-overlay\"><\/div>\n\n\n<div class=\"section-container\"><\/div>\n<\/section><section class=\"bde-section-1312-101 bde-section\">\n  \n  \n\t\n\n\n\n<div class=\"section-container\"><div class=\"bde-div-1312-102 bde-div\">\n  \n  \n\t\n\n\n\n\n<\/div><\/div>\n<\/section><section class=\"bde-section-1312-103 bde-section\">\n  \n  \n\t\n\n\n\n<div class=\"section-container\"><div class=\"bde-div-1312-104 bde-div\">\n  \n  \n\t\n\n\n\n<div class=\"bde-breadcrumbs-1312-105 bde-breadcrumbs\" data-entrance=\"fade\"><nav aria-label=\"breadcrumbs\" class=\"rank-math-breadcrumb\"><p><span class=\"last\">KPC<\/span><\/p><\/nav><\/div><h2 class=\"bde-heading-1312-106 bde-heading\" data-entrance=\"fade\">\nProjects supported by EU grants\n<\/h2>\n<\/div><div class=\"bde-text-1312-146 bde-text\">\nWe are currently drawing subsidies under the Operational Programme Technology and Applications for Competitiveness with the financial support of the EU and the state budget of the Czech Republic.<br>\n<\/div><\/div>\n<\/section><section class=\"bde-section-1312-108 bde-section\">\n  \n  \n\t\n\n\n\n<div class=\"section-container\"><div class=\"bde-grid-1312-144 bde-grid\">\n  \n  \n\t\n\n\n\n<img decoding=\"async\" class=\"bde-image2-1312-145 bde-image2\" src=\"https:\/\/kpc.cz\/wp-content\/uploads\/2026\/02\/eu-dotace_PlakatKralovoPoleCranesasPoC_large.webp\" loading=\"lazy\" srcset=\"https:\/\/kpc.cz\/wp-content\/uploads\/2026\/02\/eu-dotace_PlakatKralovoPoleCranesasPoC_large.webp 707w, https:\/\/kpc.cz\/wp-content\/uploads\/2026\/02\/eu-dotace_PlakatKralovoPoleCranesasPoC_large-212x300.webp 212w\" sizes=\"(max-width: 707px) 100vw, 707px\"><img decoding=\"async\" class=\"bde-image2-1312-147 bde-image2\" src=\"https:\/\/kpc.cz\/wp-content\/uploads\/2026\/02\/eu-dotace_eudotaceeudotaceblobid1737364136381largelarge_large.webp\" loading=\"lazy\" srcset=\"https:\/\/kpc.cz\/wp-content\/uploads\/2026\/02\/eu-dotace_eudotaceeudotaceblobid1737364136381largelarge_large.webp 820w, https:\/\/kpc.cz\/wp-content\/uploads\/2026\/02\/eu-dotace_eudotaceeudotaceblobid1737364136381largelarge_large-300x225.webp 300w, https:\/\/kpc.cz\/wp-content\/uploads\/2026\/02\/eu-dotace_eudotaceeudotaceblobid1737364136381largelarge_large-768x576.webp 768w\" sizes=\"(max-width: 820px) 100vw, 820px\"><img decoding=\"async\" class=\"bde-image2-1312-148 bde-image2\" src=\"https:\/\/kpc.cz\/wp-content\/uploads\/2026\/02\/eu-dotace_plakat2_large.webp\" loading=\"lazy\" srcset=\"https:\/\/kpc.cz\/wp-content\/uploads\/2026\/02\/eu-dotace_plakat2_large.webp 707w, https:\/\/kpc.cz\/wp-content\/uploads\/2026\/02\/eu-dotace_plakat2_large-212x300.webp 212w\" sizes=\"(max-width: 707px) 100vw, 707px\"><img decoding=\"async\" class=\"bde-image2-1312-149 bde-image2\" src=\"https:\/\/kpc.cz\/wp-content\/uploads\/2026\/02\/eu-dotace_plakat1_large.webp\" loading=\"lazy\" srcset=\"https:\/\/kpc.cz\/wp-content\/uploads\/2026\/02\/eu-dotace_plakat1_large.webp 707w, https:\/\/kpc.cz\/wp-content\/uploads\/2026\/02\/eu-dotace_plakat1_large-212x300.webp 212w\" sizes=\"(max-width: 707px) 100vw, 707px\">\n<\/div><\/div>\n<\/section>","protected":false},"excerpt":{"rendered":"<p>KPC Projekty s podporou dotac\u00ed EU Aktu\u00e1ln\u011b \u010derp\u00e1me dotace v r\u00e1mci Opera\u010dn\u00edho programu Technologie a aplikace pro konkurenceschopnost s vyu\u017eit\u00edm finan\u010dn\u00ed podpory EU a statn\u00edho rozpo\u010dtu \u010cR.<\/p>","protected":false},"author":1,"featured_media":0,"parent":0,"menu_order":0,"comment_status":"closed","ping_status":"closed","template":"","meta":{"_acf_changed":false,"_breakdance_hide_in_design_set":false,"_breakdance_tags":"","footnotes":""},"class_list":["post-1312","page","type-page","status-publish","hentry"],"acf":[],"_links":{"self":[{"href":"https:\/\/kpc.cz\/en\/wp-json\/wp\/v2\/pages\/1312","targetHints":{"allow":["GET"]}}],"collection":[{"href":"https:\/\/kpc.cz\/en\/wp-json\/wp\/v2\/pages"}],"about":[{"href":"https:\/\/kpc.cz\/en\/wp-json\/wp\/v2\/types\/page"}],"author":[{"embeddable":true,"href":"https:\/\/kpc.cz\/en\/wp-json\/wp\/v2\/users\/1"}],"replies":[{"embeddable":true,"href":"https:\/\/kpc.cz\/en\/wp-json\/wp\/v2\/comments?post=1312"}],"version-history":[{"count":5,"href":"https:\/\/kpc.cz\/en\/wp-json\/wp\/v2\/pages\/1312\/revisions"}],"predecessor-version":[{"id":1435,"href":"https:\/\/kpc.cz\/en\/wp-json\/wp\/v2\/pages\/1312\/revisions\/1435"}],"wp:attachment":[{"href":"https:\/\/kpc.cz\/en\/wp-json\/wp\/v2\/media?parent=1312"}],"curies":[{"name":"wp","href":"https:\/\/api.w.org\/{rel}","templated":true}]}}