{"id":1295,"date":"2026-02-11T21:05:23","date_gmt":"2026-02-11T19:05:23","guid":{"rendered":"https:\/\/kpc.cz\/?page_id=1295"},"modified":"2026-03-12T19:02:23","modified_gmt":"2026-03-12T17:02:23","slug":"eepos","status":"publish","type":"page","link":"https:\/\/kpc.cz\/en\/eepos\/","title":{"rendered":"Eepos"},"content":{"rendered":"<section class=\"bde-section-1295-100 bde-section\">\n              \n  \n  \n\t\n\n  <div class=\"section-background-overlay\"><\/div>\n\n\n<div class=\"section-container\"><\/div>\n<\/section><section class=\"bde-section-1295-101 bde-section\">\n  \n  \n\t\n\n\n\n<div class=\"section-container\"><div class=\"bde-div-1295-102 bde-div\">\n  \n  \n\t\n\n\n\n\n<\/div><\/div>\n<\/section><section class=\"bde-section-1295-103 bde-section\">\n  \n  \n\t\n\n\n\n<div class=\"section-container\"><div class=\"bde-div-1295-104 bde-div\">\n  \n  \n\t\n\n\n\n<div class=\"bde-breadcrumbs-1295-105 bde-breadcrumbs\" data-entrance=\"fade\"><nav aria-label=\"breadcrumbs\" class=\"rank-math-breadcrumb\"><p><span class=\"last\">KPC<\/span><\/p><\/nav><\/div><h2 class=\"bde-heading-1295-106 bde-heading\" data-entrance=\"fade\">\nEepos\n<\/h2>\n<\/div><\/div>\n<\/section><section class=\"bde-section-1295-108 bde-section\">\n  \n  \n\t\n\n\n\n<div class=\"section-container\"><div class=\"bde-columns-1295-187 bde-columns\"><div class=\"bde-column-1295-188 bde-column\">\n  \n  \n\t\n\n\n\n<div class=\"bde-text-1295-107 bde-text\">\nThe German company Eepos is engaged in the design and manufacture of a new generation of modular aluminium crane systems. They represent the simplest form of linear material transport in a wide range of applications. The company is characterized by the use of innovative technologies in their development and production. The company's products find application in environments where the emphasis is on moving material (goods) in an efficient, quiet and user-friendly manner.<br><br>Eepos' well thought-out system design and light weight allow for simple and quick system installation - usually without complicated building reinforcement. Mutual compatibility between products and practical accessories forms the basis for minimizing investment and operating costs.\n<\/div>\n<\/div><div class=\"bde-column-1295-189 bde-column\">\n  \n  \n\t\n\n\n\n<img decoding=\"async\" class=\"bde-image2-1295-186 bde-image2\" src=\"https:\/\/kpc.cz\/wp-content\/uploads\/2026\/02\/eepos_EeposRender001_medium.webp\" alt=\"eepos\" loading=\"lazy\" srcset=\"https:\/\/kpc.cz\/wp-content\/uploads\/2026\/02\/eepos_EeposRender001_medium.webp 500w, https:\/\/kpc.cz\/wp-content\/uploads\/2026\/02\/eepos_EeposRender001_medium-300x95.webp 300w\" sizes=\"(max-width: 500px) 100vw, 500px\"><div class=\"bde-div-1295-194 bde-div\">\n  \n  \n\t\n\n\n\n<div class=\"bde-button-1295-195 bde-button\" data-entrance=\"slideLeft\">\n    \n                        \n                        \n    \n    \n    \n    \n            \n                    \n            \n            \n\n    \n    \n    \n    \n    \n    <a class=\"breakdance-link button-atom button-atom--custom bde-button__button\" href=\"\/wp-content\/uploads\/2026\/02\/bca6bb18-75c2-4600-8ca2-e30d6d9d6546.pdf\" target=\"_blank\" data-type=\"url\"  >\n\n    \n        <span class=\"button-atom__text\">Products for download<\/span>\n\n        \n        \n                <\/a>\n\n    \n\n\n<\/div><div class=\"bde-button-1295-196 bde-button\" data-entrance=\"slideLeft\">\n    \n                        \n                        \n    \n    \n    \n    \n            \n                    \n            \n            \n\n    \n    \n    \n    \n    \n    <a class=\"breakdance-link button-atom button-atom--custom bde-button__button\" href=\"\/wp-content\/uploads\/2026\/02\/bca6bb18-75c2-4600-8ca2-e30d6d9d6546.pdf\" target=\"_blank\" data-type=\"url\"  >\n\n    \n        <span class=\"button-atom__text\">&nbsp;<\/span>\n\n                            \n        \n                <\/a>\n\n    \n\n\n<\/div>\n<\/div>\n<\/div><\/div><h2 class=\"bde-heading-1295-118 bde-heading\">\nHistory of eepos GmbH<br>\n<\/h2><h4 class=\"bde-heading-1295-120 bde-heading\">\nErgonomics right from the start\n<\/h4><div class=\"bde-text-1295-119 bde-text\">\neepos was founded in 2006. Right from the beginning, eepos developed a modular system that is extremely smooth, absolutely jam-free, extremely low-maintenance and long-lasting. And eepos was the first company to manufacture crane profiles exclusively from aluminium. Customers in the automotive and engineering industries were impressed by the smooth operation and flexibility of eepos systems, and the young company grew rapidly thereafter. In just a few years, the aluminium modular system has established itself as the new quasi-standard for light crane systems up to 2 tonnes.<br><br>Strategically, eepos was positioned so that the eepos system was essentially designed down to the interface with the handling equipment. This means that both individual crane systems such as overhead cranes or rail systems directly on site, as well as crane systems or rail systems or rail systems several kilometers long have been installed in the production facilities and factories of automobile and machine manufacturers. If the hall was completely equipped with eepos crane systems, the customer only had to connect the handling equipment or devices to the systems for each section. Thus, the production facility had a standardized crane throughout the hall and the general contractor no longer had to deal with unprofitable crane rails over its application.\n<\/div><h4 class=\"bde-heading-1295-190 bde-heading\">\nThe fast outrun the slow\n<\/h4><div class=\"bde-text-1295-191 bde-text\">\nThis is the motto of eepos because they were convinced that in the light crane industry, aluminium cranes would replace heavy and cumbersome steel cranes. Eepos did not waste years of technological advancement and developed the eepos One modular system into the most comprehensive modular system available on the market. Customers were delighted once they experienced the lightness of the cranes at trade shows or in operation. After the initial fitting of individual eepos workstations, the company won an order for light crane systems for the complete Audi A3 production at the AUDI Gy\u00f6r factory in Hungary. This project was both a confirmation and an incentive to become even stronger and more innovative. eepos thus grew to more than 60 employees in the first years.<br><br>For this purpose, eepos has developed the standardised aluminium Move eepos modular system, which can safely capture, relocate and position eccentric loads of up to 500 kg. As a leader in innovation for crane systems, eepos dared to develop a crane made of pure plastic, which was eventually made of carbon fibre. The profile of the eepos carbon crane now allowed ultra-lightweight loading of loads up to 100 kg payload with a load capacity of just 2.8 kg per linear metre. For this and other improvements and innovations, eepos was awarded the renowned \u201eTop 100 Innovators 2015\u201c award.\n<\/div><h4 class=\"bde-heading-1295-192 bde-heading\">\nCourage, joy of work and a great team\n<\/h4><div class=\"bde-text-1295-193 bde-text\">\nThe eepos values of speed and enjoyment, courage and innovative drive, honesty and openness in dealing with each other have been embedded in every product and in all services around the complete modular aluminium system. And customers have rewarded this. The foundation stone was laid with various product families and unexpected rapid growth began. Since 2012, eepos has grown by more than 20% annually and sales have grown from \u20ac7.5 million to \u20ac20 million in 2018. During the same period, the number of employees at eepos headquarters has increased from less than 30 to more than 90. It was already clear after the move from the building at Enselskamp 3 to another building at Zum Scherbusch 1 that this building would be too small in the short to medium term.<br><br>The number of eepos sites around the world has also grown steadily. In addition to strong locations in Europe such as Spain, France, Italy, Turkey, Hungary, Poland and other European countries, Eepos has supplied its crane systems worldwide from locations in Japan, China, Thailand, Vietnam, India, South Africa, USA, Mexico and Brazil. In just 12 years since its foundation, eepos has transformed itself into a globally active engineering group with more than 140 employees.\n<\/div><div class=\"bde-gallery-1295-197 bde-gallery gallery-hover-arrows gallery-follow-cursor\">\n\n\n  \n\n\n\n\n\n\n\n  \n\n  <div class=\"ee-gallery-swiper breakdance-swiper-wrapper\" data-swiper-id=\"197\">\n    <div class=\"swiper\">\n\n<div class=\"ee-gallery ee-gallery--gallery-slider ee-gallery--slider ee-gallery--single ee-gallery--lightbox ee-gallery-- ee-gallery--caption- ee-gallery--caption-none ee-gallery--ratio swiper-wrapper\">\n                  \n      <a class=\"ee-gallery-item ee-gallery-item--image ee-gallery-item--single swiper-slide\" href=\"https:\/\/kpc.cz\/wp-content\/uploads\/2026\/02\/eepos_eepos4_extra-large.webp\"  data-sub-html=\"<span><\/span>\" data-category=\"1\"                  data-lg-size=\"976-681\"\n\n      >\n        <figure class=\"ee-gallery-item-figure\">\n                        <img loading=\"lazy\" decoding=\"async\" class=\"breakdance-image-object\" src=\"https:\/\/kpc.cz\/wp-content\/uploads\/2026\/02\/eepos_eepos4_extra-large.webp\" width=\"976\" height=\"681\" srcset=\"https:\/\/kpc.cz\/wp-content\/uploads\/2026\/02\/eepos_eepos4_extra-large.webp 976w, https:\/\/kpc.cz\/wp-content\/uploads\/2026\/02\/eepos_eepos4_extra-large-300x209.webp 300w, https:\/\/kpc.cz\/wp-content\/uploads\/2026\/02\/eepos_eepos4_extra-large-768x536.webp 768w\" sizes=\"auto, (max-width: 976px) 100vw, 976px\">\n          \n                  <\/figure>\n      <\/a>\n\n                \n      <a class=\"ee-gallery-item ee-gallery-item--image ee-gallery-item--single swiper-slide\" href=\"https:\/\/kpc.cz\/wp-content\/uploads\/2026\/02\/eepos_eepos31_extra-large.webp\"  data-sub-html=\"<span><\/span>\" data-category=\"1\"                  data-lg-size=\"780-638\"\n\n      >\n        <figure class=\"ee-gallery-item-figure\">\n                        <img loading=\"lazy\" decoding=\"async\" class=\"breakdance-image-object\" src=\"https:\/\/kpc.cz\/wp-content\/uploads\/2026\/02\/eepos_eepos31_extra-large.webp\" width=\"780\" height=\"638\" srcset=\"https:\/\/kpc.cz\/wp-content\/uploads\/2026\/02\/eepos_eepos31_extra-large.webp 780w, https:\/\/kpc.cz\/wp-content\/uploads\/2026\/02\/eepos_eepos31_extra-large-300x245.webp 300w, https:\/\/kpc.cz\/wp-content\/uploads\/2026\/02\/eepos_eepos31_extra-large-768x628.webp 768w\" sizes=\"auto, (max-width: 780px) 100vw, 780px\">\n          \n                  <\/figure>\n      <\/a>\n\n                \n      <a class=\"ee-gallery-item ee-gallery-item--image ee-gallery-item--single swiper-slide\" href=\"https:\/\/kpc.cz\/wp-content\/uploads\/2026\/02\/eepos_eepos2_extra-large.webp\"  data-sub-html=\"<span><\/span>\" data-category=\"1\"                  data-lg-size=\"975-649\"\n\n      >\n        <figure class=\"ee-gallery-item-figure\">\n                        <img loading=\"lazy\" decoding=\"async\" class=\"breakdance-image-object\" src=\"https:\/\/kpc.cz\/wp-content\/uploads\/2026\/02\/eepos_eepos2_extra-large.webp\" width=\"975\" height=\"649\" srcset=\"https:\/\/kpc.cz\/wp-content\/uploads\/2026\/02\/eepos_eepos2_extra-large.webp 975w, https:\/\/kpc.cz\/wp-content\/uploads\/2026\/02\/eepos_eepos2_extra-large-300x200.webp 300w, https:\/\/kpc.cz\/wp-content\/uploads\/2026\/02\/eepos_eepos2_extra-large-768x511.webp 768w\" sizes=\"auto, (max-width: 975px) 100vw, 975px\">\n          \n                  <\/figure>\n      <\/a>\n\n                \n      <a class=\"ee-gallery-item ee-gallery-item--image ee-gallery-item--single swiper-slide\" href=\"https:\/\/kpc.cz\/wp-content\/uploads\/2026\/02\/eepos_eepo5_extra-large.webp\"  data-sub-html=\"<span><\/span>\" data-category=\"1\"                  data-lg-size=\"1259-692\"\n\n      >\n        <figure class=\"ee-gallery-item-figure\">\n                        <img loading=\"lazy\" decoding=\"async\" class=\"breakdance-image-object\" src=\"https:\/\/kpc.cz\/wp-content\/uploads\/2026\/02\/eepos_eepo5_extra-large-1024x563.webp\" width=\"1024\" height=\"563\" srcset=\"https:\/\/kpc.cz\/wp-content\/uploads\/2026\/02\/eepos_eepo5_extra-large.webp 1259w, https:\/\/kpc.cz\/wp-content\/uploads\/2026\/02\/eepos_eepo5_extra-large-300x165.webp 300w, https:\/\/kpc.cz\/wp-content\/uploads\/2026\/02\/eepos_eepo5_extra-large-1024x563.webp 1024w, https:\/\/kpc.cz\/wp-content\/uploads\/2026\/02\/eepos_eepo5_extra-large-768x422.webp 768w\" sizes=\"auto, (max-width: 1259px) 100vw, 1259px\">\n          \n                  <\/figure>\n      <\/a>\n\n                \n      <a class=\"ee-gallery-item ee-gallery-item--image ee-gallery-item--single swiper-slide\" href=\"https:\/\/kpc.cz\/wp-content\/uploads\/2026\/02\/eepos_EeposRender002_extra-large.webp\"  data-sub-html=\"<span><\/span>\" data-category=\"1\"                  data-lg-size=\"952-600\"\n\n      >\n        <figure class=\"ee-gallery-item-figure\">\n                        <img loading=\"lazy\" decoding=\"async\" class=\"breakdance-image-object\" src=\"https:\/\/kpc.cz\/wp-content\/uploads\/2026\/02\/eepos_EeposRender002_extra-large.webp\" width=\"952\" height=\"600\" srcset=\"https:\/\/kpc.cz\/wp-content\/uploads\/2026\/02\/eepos_EeposRender002_extra-large.webp 952w, https:\/\/kpc.cz\/wp-content\/uploads\/2026\/02\/eepos_EeposRender002_extra-large-300x189.webp 300w, https:\/\/kpc.cz\/wp-content\/uploads\/2026\/02\/eepos_EeposRender002_extra-large-768x484.webp 768w\" sizes=\"auto, (max-width: 952px) 100vw, 952px\">\n          \n                  <\/figure>\n      <\/a>\n\n                \n      <a class=\"ee-gallery-item ee-gallery-item--image ee-gallery-item--single swiper-slide\" href=\"https:\/\/kpc.cz\/wp-content\/uploads\/2026\/02\/eepos_Eepos006_extra-large.webp\"  data-sub-html=\"<span><\/span>\" data-category=\"1\"                  data-lg-size=\"915-600\"\n\n      >\n        <figure class=\"ee-gallery-item-figure\">\n                        <img loading=\"lazy\" decoding=\"async\" class=\"breakdance-image-object\" src=\"https:\/\/kpc.cz\/wp-content\/uploads\/2026\/02\/eepos_Eepos006_extra-large.webp\" width=\"915\" height=\"600\" srcset=\"https:\/\/kpc.cz\/wp-content\/uploads\/2026\/02\/eepos_Eepos006_extra-large.webp 915w, https:\/\/kpc.cz\/wp-content\/uploads\/2026\/02\/eepos_Eepos006_extra-large-300x197.webp 300w, https:\/\/kpc.cz\/wp-content\/uploads\/2026\/02\/eepos_Eepos006_extra-large-768x504.webp 768w\" sizes=\"auto, (max-width: 915px) 100vw, 915px\">\n          \n                  <\/figure>\n      <\/a>\n\n      \n  <\/div>\n\n    <\/div>\n                <div class=\"swiper-button-prev\">\n            \n        <\/div>\n        <div class=\"swiper-button-next\">\n            \n        <\/div>\n    \n    \n  <\/div>\n\n\n<\/div><\/div>\n<\/section>","protected":false},"excerpt":{"rendered":"<p>KPC Eepos N\u011bmeck\u00e1 spole\u010dnost Eepos se zab\u00fdv\u00e1 konstrukc\u00ed a v\u00fdrobou modul\u00e1rn\u00edho je\u0159\u00e1bov\u00e9ho hlin\u00edkov\u00e9ho syst\u00e9mu nov\u00e9 generace. P\u0159edstavuj\u00ed nejjednodu\u0161\u0161\u00ed formu line\u00e1rn\u00ed p\u0159epravy materi\u00e1lu v \u0161irok\u00e9m spektru pou\u017eit\u00ed. Spole\u010dnost se vyzna\u010duje vyu\u017eit\u00edm inovativn\u00edch technologi\u00ed p\u0159i jejich v\u00fdvoji a v\u00fdrob\u011b. V\u00fdrobky firmy nach\u00e1zej\u00ed uplatn\u011bn\u00ed v prost\u0159ed\u00ed, kde je kladen d\u016fraz na p\u0159esun materi\u00e1lu (zbo\u017e\u00ed) efektivn\u00edm, tich\u00fdm a u\u017eivatelsky [&hellip;]<\/p>\n","protected":false},"author":1,"featured_media":0,"parent":0,"menu_order":0,"comment_status":"closed","ping_status":"closed","template":"","meta":{"_acf_changed":false,"_breakdance_hide_in_design_set":false,"_breakdance_tags":"","footnotes":""},"class_list":["post-1295","page","type-page","status-publish","hentry"],"acf":[],"_links":{"self":[{"href":"https:\/\/kpc.cz\/en\/wp-json\/wp\/v2\/pages\/1295","targetHints":{"allow":["GET"]}}],"collection":[{"href":"https:\/\/kpc.cz\/en\/wp-json\/wp\/v2\/pages"}],"about":[{"href":"https:\/\/kpc.cz\/en\/wp-json\/wp\/v2\/types\/page"}],"author":[{"embeddable":true,"href":"https:\/\/kpc.cz\/en\/wp-json\/wp\/v2\/users\/1"}],"replies":[{"embeddable":true,"href":"https:\/\/kpc.cz\/en\/wp-json\/wp\/v2\/comments?post=1295"}],"version-history":[{"count":7,"href":"https:\/\/kpc.cz\/en\/wp-json\/wp\/v2\/pages\/1295\/revisions"}],"predecessor-version":[{"id":1837,"href":"https:\/\/kpc.cz\/en\/wp-json\/wp\/v2\/pages\/1295\/revisions\/1837"}],"wp:attachment":[{"href":"https:\/\/kpc.cz\/en\/wp-json\/wp\/v2\/media?parent=1295"}],"curies":[{"name":"wp","href":"https:\/\/api.w.org\/{rel}","templated":true}]}}