{"id":1156,"date":"2026-02-04T22:52:29","date_gmt":"2026-02-04T20:52:29","guid":{"rendered":"https:\/\/kpc.cz\/?page_id=1156"},"modified":"2026-03-12T17:52:10","modified_gmt":"2026-03-12T15:52:10","slug":"steel-structures","status":"publish","type":"page","link":"https:\/\/kpc.cz\/en\/ocelove-konstrukce\/","title":{"rendered":"Steel structures"},"content":{"rendered":"<section class=\"bde-section-1156-100 bde-section\">\n              \n  \n  \n\t\n\n  <div class=\"section-background-overlay\"><\/div>\n\n\n<div class=\"section-container\"><\/div>\n<\/section><section class=\"bde-section-1156-101 bde-section\">\n  \n  \n\t\n\n\n\n<div class=\"section-container\"><div class=\"bde-div-1156-102 bde-div\">\n  \n  \n\t\n\n\n\n\n<\/div><\/div>\n<\/section><section class=\"bde-section-1156-103 bde-section\">\n  \n  \n\t\n\n\n\n<div class=\"section-container\"><div class=\"bde-div-1156-104 bde-div\">\n  \n  \n\t\n\n\n\n<div class=\"bde-breadcrumbs-1156-105 bde-breadcrumbs\" data-entrance=\"fade\"><nav aria-label=\"breadcrumbs\" class=\"rank-math-breadcrumb\"><p><span class=\"last\">KPC<\/span><\/p><\/nav><\/div><h1 class=\"bde-heading-1156-140 bde-heading\" data-entrance=\"fade\">\nSteel structures\n<\/h1>\n<\/div><div class=\"bde-text-1156-107 bde-text\">\nOur company is also engaged in the production and assembly of steel structures, both in the form of additional support systems for the needs of cranes and lifting equipment supplied by us, as well as individual custom production according to the needs and wishes of our customers. The actual structure can be made according to the drawings supplied by the customer, or it can be completely designed and manufactured by our company.\n<\/div><\/div>\n<\/section><section class=\"bde-section-1156-108 bde-section\">\n  \n  \n\t\n\n\n\n<div class=\"section-container\"><div class=\"bde-columns-1156-109 bde-columns\"><div class=\"bde-column-1156-110 bde-column\">\n  \n  \n\t\n\n\n\n<div class=\"bde-div-1156-111 bde-div\">\n  \n  \n\t\n\n\n\n<div class=\"bde-div-1156-112 bde-div\">\n  \n  \n\t\n\n\n\n<h3 class=\"bde-heading-1156-113 bde-heading\">\nOur services in the field of steel structures\n<\/h3><div class=\"bde-div-1156-114 bde-div\">\n  \n  \n\t\n\n\n\n<div class=\"bde-button-1156-115 bde-button\" data-entrance=\"slideLeft\">\n    \n                        \n                        \n    \n    \n    \n    \n            \n                    \n            \n            \n\n    \n    \n    \n    \n    \n    <a class=\"breakdance-link button-atom button-atom--custom bde-button__button\" href=\"\/wp-content\/uploads\/2026\/02\/KPC_katalog_2025_tisk-1.pdf\" target=\"_blank\" data-type=\"url\"  >\n\n    \n        <span class=\"button-atom__text\">Catalogue for download<\/span>\n\n        \n        \n                <\/a>\n\n    \n\n\n<\/div><div class=\"bde-button-1156-116 bde-button\" data-entrance=\"slideLeft\">\n    \n                        \n                        \n    \n    \n    \n    \n            \n                    \n            \n            \n\n    \n    \n    \n    \n    \n    <a class=\"breakdance-link button-atom button-atom--custom bde-button__button\" href=\"\/wp-content\/uploads\/2026\/02\/KPC_katalog_2025_tisk-1.pdf\" target=\"_blank\" data-type=\"url\"  >\n\n    \n        <span class=\"button-atom__text\">&nbsp;<\/span>\n\n                            \n        \n                <\/a>\n\n    \n\n\n<\/div>\n<\/div>\n<\/div><div class=\"bde-fancy-divider-1156-117 bde-fancy-divider\">\n\n\n<div class=\"bde-fancy-divider__wrapper\">\n  <div class=\"bde-fancy-divider__separator\">\n  \t  <\/div>\n<\/div>\n\n<\/div><div class=\"bde-icon-list-1156-139 bde-icon-list\">\n<ul>\n  \n              \n    <li>\n              <div class='bde-icon-list__item-wrapper'>\n      \n      <span class='bde-icon-list__icon'>\n        <svg xmlns=\"http:\/\/www.w3.org\/2000\/svg\" viewbox=\"0 0 512 512\"><!--! Font Awesome Free 6.5.1 by @fontawesome - https:\/\/fontawesome.com License - https:\/\/fontawesome.com\/license\/free (Icons: CC BY 4.0, Fonts: SIL OFL 1.1, Code: MIT License) Copyright 2023 Fonticons, Inc. --><path d=\"M502.6 278.6c12.5-12.5 12.5-32.8 0-45.3l-128-128c-12.5-12.5-32.8-12.5-45.3 0s-12.5 32.8 0 45.3L402.7 224 32 224c-17.7 0-32 14.3-32 32s14.3 32 32 32l370.7 0-73.4 73.4c-12.5 12.5-12.5 32.8 0 45.3s32.8 12.5 45.3 0l128-128z\"\/><\/svg>\n      <\/span>\n      <span class='bde-icon-list__text' >\n      Conceptual designs of steel structures and support systems\n      <\/span>\n              <\/div>\n      \n    <\/li>\n\n  \n              \n    <li>\n              <div class='bde-icon-list__item-wrapper'>\n      \n      <span class='bde-icon-list__icon'>\n        <svg xmlns=\"http:\/\/www.w3.org\/2000\/svg\" viewbox=\"0 0 512 512\"><!--! Font Awesome Free 6.5.1 by @fontawesome - https:\/\/fontawesome.com License - https:\/\/fontawesome.com\/license\/free (Icons: CC BY 4.0, Fonts: SIL OFL 1.1, Code: MIT License) Copyright 2023 Fonticons, Inc. --><path d=\"M502.6 278.6c12.5-12.5 12.5-32.8 0-45.3l-128-128c-12.5-12.5-32.8-12.5-45.3 0s-12.5 32.8 0 45.3L402.7 224 32 224c-17.7 0-32 14.3-32 32s14.3 32 32 32l370.7 0-73.4 73.4c-12.5 12.5-12.5 32.8 0 45.3s32.8 12.5 45.3 0l128-128z\"\/><\/svg>\n      <\/span>\n      <span class='bde-icon-list__text' >\n      Design and structural processing of steel structures<br>\n      <\/span>\n              <\/div>\n      \n    <\/li>\n\n  \n              \n    <li>\n              <div class='bde-icon-list__item-wrapper'>\n      \n      <span class='bde-icon-list__icon'>\n        <svg xmlns=\"http:\/\/www.w3.org\/2000\/svg\" viewbox=\"0 0 512 512\"><!--! Font Awesome Free 6.5.1 by @fontawesome - https:\/\/fontawesome.com License - https:\/\/fontawesome.com\/license\/free (Icons: CC BY 4.0, Fonts: SIL OFL 1.1, Code: MIT License) Copyright 2023 Fonticons, Inc. --><path d=\"M502.6 278.6c12.5-12.5 12.5-32.8 0-45.3l-128-128c-12.5-12.5-32.8-12.5-45.3 0s-12.5 32.8 0 45.3L402.7 224 32 224c-17.7 0-32 14.3-32 32s14.3 32 32 32l370.7 0-73.4 73.4c-12.5 12.5-12.5 32.8 0 45.3s32.8 12.5 45.3 0l128-128z\"\/><\/svg>\n      <\/span>\n      <span class='bde-icon-list__text' >\n      Static calculations\n      <\/span>\n              <\/div>\n      \n    <\/li>\n\n  \n              \n    <li>\n              <div class='bde-icon-list__item-wrapper'>\n      \n      <span class='bde-icon-list__icon'>\n        <svg xmlns=\"http:\/\/www.w3.org\/2000\/svg\" viewbox=\"0 0 512 512\"><!--! Font Awesome Free 6.5.1 by @fontawesome - https:\/\/fontawesome.com License - https:\/\/fontawesome.com\/license\/free (Icons: CC BY 4.0, Fonts: SIL OFL 1.1, Code: MIT License) Copyright 2023 Fonticons, Inc. --><path d=\"M502.6 278.6c12.5-12.5 12.5-32.8 0-45.3l-128-128c-12.5-12.5-32.8-12.5-45.3 0s-12.5 32.8 0 45.3L402.7 224 32 224c-17.7 0-32 14.3-32 32s14.3 32 32 32l370.7 0-73.4 73.4c-12.5 12.5-12.5 32.8 0 45.3s32.8 12.5 45.3 0l128-128z\"\/><\/svg>\n      <\/span>\n      <span class='bde-icon-list__text' >\n      Own production of steel structures\n      <\/span>\n              <\/div>\n      \n    <\/li>\n\n  \n              \n    <li>\n              <div class='bde-icon-list__item-wrapper'>\n      \n      <span class='bde-icon-list__icon'>\n        <svg xmlns=\"http:\/\/www.w3.org\/2000\/svg\" viewbox=\"0 0 512 512\"><!--! Font Awesome Free 6.5.1 by @fontawesome - https:\/\/fontawesome.com License - https:\/\/fontawesome.com\/license\/free (Icons: CC BY 4.0, Fonts: SIL OFL 1.1, Code: MIT License) Copyright 2023 Fonticons, Inc. --><path d=\"M502.6 278.6c12.5-12.5 12.5-32.8 0-45.3l-128-128c-12.5-12.5-32.8-12.5-45.3 0s-12.5 32.8 0 45.3L402.7 224 32 224c-17.7 0-32 14.3-32 32s14.3 32 32 32l370.7 0-73.4 73.4c-12.5 12.5-12.5 32.8 0 45.3s32.8 12.5 45.3 0l128-128z\"\/><\/svg>\n      <\/span>\n      <span class='bde-icon-list__text' >\n      Surface treatment\n      <\/span>\n              <\/div>\n      \n    <\/li>\n\n  \n              \n    <li>\n              <div class='bde-icon-list__item-wrapper'>\n      \n      <span class='bde-icon-list__icon'>\n        <svg xmlns=\"http:\/\/www.w3.org\/2000\/svg\" viewbox=\"0 0 512 512\"><!--! Font Awesome Free 6.5.1 by @fontawesome - https:\/\/fontawesome.com License - https:\/\/fontawesome.com\/license\/free (Icons: CC BY 4.0, Fonts: SIL OFL 1.1, Code: MIT License) Copyright 2023 Fonticons, Inc. --><path d=\"M502.6 278.6c12.5-12.5 12.5-32.8 0-45.3l-128-128c-12.5-12.5-32.8-12.5-45.3 0s-12.5 32.8 0 45.3L402.7 224 32 224c-17.7 0-32 14.3-32 32s14.3 32 32 32l370.7 0-73.4 73.4c-12.5 12.5-12.5 32.8 0 45.3s32.8 12.5 45.3 0l128-128z\"\/><\/svg>\n      <\/span>\n      <span class='bde-icon-list__text' >\n      Professional assembly at the installation site<br>\n      <\/span>\n              <\/div>\n      \n    <\/li>\n\n  <\/ul>\n\n<\/div><div class=\"bde-text-1156-141 bde-text\">\nAn example is the steel structure for the Eepos aluminium suspension system. It consists of two main beams and three cross beams, which are made of rolled closed profiles connected to each other by bolted joints. The beams themselves are set on columns fitted with flanges and then bolted to the floor. The bottom flange of the main beams is connected to aluminium running profiles, in which four beams with pulleys are suspended for handling loads\n<\/div><div class=\"bde-gallery-1156-119 bde-gallery gallery-hover-arrows gallery-follow-cursor\">\n\n\n  \n\n\n\n\n\n\n\n  \n\n  <div class=\"ee-gallery-swiper breakdance-swiper-wrapper\" data-swiper-id=\"119\">\n    <div class=\"swiper\">\n\n<div class=\"ee-gallery ee-gallery--gallery-slider ee-gallery--slider ee-gallery--single ee-gallery--lightbox ee-gallery-- ee-gallery--caption- ee-gallery--caption-none ee-gallery--ratio swiper-wrapper\">\n                  \n      <a class=\"ee-gallery-item ee-gallery-item--image ee-gallery-item--single swiper-slide\" href=\"https:\/\/kpc.cz\/wp-content\/uploads\/2026\/02\/IMG_0512-scaled.jpg\"  data-sub-html=\"<span><\/span>\" data-category=\"1\"                  data-lg-size=\"2560-1920\"\n\n      >\n        <figure class=\"ee-gallery-item-figure\">\n                        <img loading=\"lazy\" decoding=\"async\" class=\"breakdance-image-object\" src=\"https:\/\/kpc.cz\/wp-content\/uploads\/2026\/02\/IMG_0512-1024x768.jpg\" width=\"1024\" height=\"768\" srcset=\"https:\/\/kpc.cz\/wp-content\/uploads\/2026\/02\/IMG_0512-scaled.jpg 2560w, https:\/\/kpc.cz\/wp-content\/uploads\/2026\/02\/IMG_0512-300x225.jpg 300w, https:\/\/kpc.cz\/wp-content\/uploads\/2026\/02\/IMG_0512-1024x768.jpg 1024w, https:\/\/kpc.cz\/wp-content\/uploads\/2026\/02\/IMG_0512-768x576.jpg 768w, https:\/\/kpc.cz\/wp-content\/uploads\/2026\/02\/IMG_0512-1536x1152.jpg 1536w, https:\/\/kpc.cz\/wp-content\/uploads\/2026\/02\/IMG_0512-2048x1536.jpg 2048w, https:\/\/kpc.cz\/wp-content\/uploads\/2026\/02\/IMG_0512-16x12.jpg 16w\" sizes=\"auto, (max-width: 2560px) 100vw, 2560px\">\n          \n                  <\/figure>\n      <\/a>\n\n                \n      <a class=\"ee-gallery-item ee-gallery-item--image ee-gallery-item--single swiper-slide\" href=\"https:\/\/kpc.cz\/wp-content\/uploads\/2026\/02\/IMG_0518-scaled.jpg\"  data-sub-html=\"<span><\/span>\" data-category=\"1\"                  data-lg-size=\"2560-1920\"\n\n      >\n        <figure class=\"ee-gallery-item-figure\">\n                        <img loading=\"lazy\" decoding=\"async\" class=\"breakdance-image-object\" src=\"https:\/\/kpc.cz\/wp-content\/uploads\/2026\/02\/IMG_0518-1024x768.jpg\" width=\"1024\" height=\"768\" srcset=\"https:\/\/kpc.cz\/wp-content\/uploads\/2026\/02\/IMG_0518-scaled.jpg 2560w, https:\/\/kpc.cz\/wp-content\/uploads\/2026\/02\/IMG_0518-300x225.jpg 300w, https:\/\/kpc.cz\/wp-content\/uploads\/2026\/02\/IMG_0518-1024x768.jpg 1024w, https:\/\/kpc.cz\/wp-content\/uploads\/2026\/02\/IMG_0518-768x576.jpg 768w, https:\/\/kpc.cz\/wp-content\/uploads\/2026\/02\/IMG_0518-1536x1152.jpg 1536w, https:\/\/kpc.cz\/wp-content\/uploads\/2026\/02\/IMG_0518-2048x1536.jpg 2048w, https:\/\/kpc.cz\/wp-content\/uploads\/2026\/02\/IMG_0518-16x12.jpg 16w\" sizes=\"auto, (max-width: 2560px) 100vw, 2560px\">\n          \n                  <\/figure>\n      <\/a>\n\n                \n      <a class=\"ee-gallery-item ee-gallery-item--image ee-gallery-item--single swiper-slide\" href=\"https:\/\/kpc.cz\/wp-content\/uploads\/2026\/02\/IMG_0522-scaled.jpg\"  data-sub-html=\"<span><\/span>\" data-category=\"1\"                  data-lg-size=\"2560-1920\"\n\n      >\n        <figure class=\"ee-gallery-item-figure\">\n                        <img loading=\"lazy\" decoding=\"async\" class=\"breakdance-image-object\" src=\"https:\/\/kpc.cz\/wp-content\/uploads\/2026\/02\/IMG_0522-1024x768.jpg\" width=\"1024\" height=\"768\" srcset=\"https:\/\/kpc.cz\/wp-content\/uploads\/2026\/02\/IMG_0522-scaled.jpg 2560w, https:\/\/kpc.cz\/wp-content\/uploads\/2026\/02\/IMG_0522-300x225.jpg 300w, https:\/\/kpc.cz\/wp-content\/uploads\/2026\/02\/IMG_0522-1024x768.jpg 1024w, https:\/\/kpc.cz\/wp-content\/uploads\/2026\/02\/IMG_0522-768x576.jpg 768w, https:\/\/kpc.cz\/wp-content\/uploads\/2026\/02\/IMG_0522-1536x1152.jpg 1536w, https:\/\/kpc.cz\/wp-content\/uploads\/2026\/02\/IMG_0522-2048x1536.jpg 2048w, https:\/\/kpc.cz\/wp-content\/uploads\/2026\/02\/IMG_0522-16x12.jpg 16w\" sizes=\"auto, (max-width: 2560px) 100vw, 2560px\">\n          \n                  <\/figure>\n      <\/a>\n\n                \n      <a class=\"ee-gallery-item ee-gallery-item--image ee-gallery-item--single swiper-slide\" href=\"https:\/\/kpc.cz\/wp-content\/uploads\/2026\/02\/IMG_0539-scaled.jpg\"  data-sub-html=\"<span><\/span>\" data-category=\"1\"                  data-lg-size=\"1920-2560\"\n\n      >\n        <figure class=\"ee-gallery-item-figure\">\n                        <img loading=\"lazy\" decoding=\"async\" class=\"breakdance-image-object\" src=\"https:\/\/kpc.cz\/wp-content\/uploads\/2026\/02\/IMG_0539-768x1024.jpg\" width=\"768\" height=\"1024\" srcset=\"https:\/\/kpc.cz\/wp-content\/uploads\/2026\/02\/IMG_0539-scaled.jpg 1920w, https:\/\/kpc.cz\/wp-content\/uploads\/2026\/02\/IMG_0539-225x300.jpg 225w, https:\/\/kpc.cz\/wp-content\/uploads\/2026\/02\/IMG_0539-768x1024.jpg 768w, https:\/\/kpc.cz\/wp-content\/uploads\/2026\/02\/IMG_0539-1152x1536.jpg 1152w, https:\/\/kpc.cz\/wp-content\/uploads\/2026\/02\/IMG_0539-1536x2048.jpg 1536w, https:\/\/kpc.cz\/wp-content\/uploads\/2026\/02\/IMG_0539-9x12.jpg 9w\" sizes=\"auto, (max-width: 1920px) 100vw, 1920px\">\n          \n                  <\/figure>\n      <\/a>\n\n      \n  <\/div>\n\n    <\/div>\n                <div class=\"swiper-button-prev\">\n            \n        <\/div>\n        <div class=\"swiper-button-next\">\n            \n        <\/div>\n    \n            <div class=\"swiper-pagination\"><\/div>\n    \n  <\/div>\n\n\n<\/div><div class=\"bde-globalblock-1156-120 bde-globalblock\"><div class=\"bde-button-1181-100-1181-1 bde-button bde-button-1181-100\">\n    \n                        \n                        \n    \n    \n    \n    \n            \n                    \n            \n                           \n                       \n                 \n\n    \n    \n    \n                    \n    \n    <a class=\"breakdance-link button-atom button-atom--custom bde-button__button\" href=\"#\" target=\"_self\" data-type=\"action\"  data-action='{\"type\":\"popup\",\"popupOptions\":{\"popupId\":\"1179\",\"popupAction\":\"open\"}}' >\n\n    \n        <span class=\"button-atom__text\">Send a non-binding inquiry<\/span>\n\n                            \n        \n                <\/a>\n\n    \n\n\n<\/div><\/div>\n<\/div>\n<\/div><\/div><div class=\"bde-fancy-divider-1156-121 bde-fancy-divider\">\n\n\n<div class=\"bde-fancy-divider__wrapper\">\n  <div class=\"bde-fancy-divider__separator\">\n  \t  <\/div>\n<\/div>\n\n<\/div><\/div>\n<\/section>","protected":false},"excerpt":{"rendered":"<p>KPC Ocelov\u00e9 konstrukce Na\u0161e spole\u010dnost se zab\u00fdv\u00e1 tak\u00e9 v\u00fdrobou a mont\u00e1\u017eemi ocelov\u00fdch konstrukc\u00ed a to jednak ve form\u011b dopl\u0148kov\u00fdch nosn\u00fdch syst\u00e9m\u016f pro pot\u0159eby n\u00e1mi dod\u00e1van\u00fdch je\u0159\u00e1b\u016f a zdvihac\u00edch za\u0159\u00edzen\u00ed, tak i individu\u00e1ln\u00ed zak\u00e1zkovou v\u00fdrobou dle pot\u0159eb a p\u0159\u00e1n\u00ed na\u0161ich z\u00e1kazn\u00edk\u016f. Vlastn\u00ed konstrukce m\u016f\u017ee b\u00fdt zhotovena dle v\u00fdkresov\u00e9 dokumentace dodan\u00e9 z\u00e1kazn\u00edkem, nebo m\u016f\u017ee b\u00fdt kompletn\u011b navr\u017eena [&hellip;]<\/p>\n","protected":false},"author":1,"featured_media":0,"parent":0,"menu_order":0,"comment_status":"closed","ping_status":"closed","template":"","meta":{"_acf_changed":false,"_breakdance_hide_in_design_set":false,"_breakdance_tags":"","footnotes":""},"class_list":["post-1156","page","type-page","status-publish","hentry"],"acf":[],"_links":{"self":[{"href":"https:\/\/kpc.cz\/en\/wp-json\/wp\/v2\/pages\/1156","targetHints":{"allow":["GET"]}}],"collection":[{"href":"https:\/\/kpc.cz\/en\/wp-json\/wp\/v2\/pages"}],"about":[{"href":"https:\/\/kpc.cz\/en\/wp-json\/wp\/v2\/types\/page"}],"author":[{"embeddable":true,"href":"https:\/\/kpc.cz\/en\/wp-json\/wp\/v2\/users\/1"}],"replies":[{"embeddable":true,"href":"https:\/\/kpc.cz\/en\/wp-json\/wp\/v2\/comments?post=1156"}],"version-history":[{"count":8,"href":"https:\/\/kpc.cz\/en\/wp-json\/wp\/v2\/pages\/1156\/revisions"}],"predecessor-version":[{"id":1795,"href":"https:\/\/kpc.cz\/en\/wp-json\/wp\/v2\/pages\/1156\/revisions\/1795"}],"wp:attachment":[{"href":"https:\/\/kpc.cz\/en\/wp-json\/wp\/v2\/media?parent=1156"}],"curies":[{"name":"wp","href":"https:\/\/api.w.org\/{rel}","templated":true}]}}