{"id":1154,"date":"2026-02-04T22:52:13","date_gmt":"2026-02-04T20:52:13","guid":{"rendered":"https:\/\/kpc.cz\/?page_id=1154"},"modified":"2026-03-12T17:55:32","modified_gmt":"2026-03-12T15:55:32","slug":"special-handling","status":"publish","type":"page","link":"https:\/\/kpc.cz\/en\/specialni-manipulace\/","title":{"rendered":"Special handling"},"content":{"rendered":"<section class=\"bde-section-1154-106 bde-section\">\n              \n  \n  \n\t\n\n  <div class=\"section-background-overlay\"><\/div>\n\n\n<div class=\"section-container\"><\/div>\n<\/section><section class=\"bde-section-1154-107 bde-section\">\n  \n  \n\t\n\n\n\n<div class=\"section-container\"><div class=\"bde-div-1154-108 bde-div\">\n  \n  \n\t\n\n\n\n\n<\/div><\/div>\n<\/section><section class=\"bde-section-1154-109 bde-section\">\n  \n  \n\t\n\n\n\n<div class=\"section-container\"><div class=\"bde-div-1154-110 bde-div\">\n  \n  \n\t\n\n\n\n<div class=\"bde-breadcrumbs-1154-111 bde-breadcrumbs\" data-entrance=\"fade\"><nav aria-label=\"breadcrumbs\" class=\"rank-math-breadcrumb\"><p><span class=\"last\">KPC<\/span><\/p><\/nav><\/div><h1 class=\"bde-heading-1154-149 bde-heading\" data-entrance=\"fade\">\nSpecial handling\n<\/h1>\n<\/div><div class=\"bde-text-1154-113 bde-text\">\nSpecial manipulators are used for specific handling in machine tools, process, production or assembly lines. These are specific manipulations that cannot be performed with standard universal manipulators. Below are examples of several implemented single-purpose manipulators.\n<\/div><\/div>\n<\/section><section class=\"bde-section-1154-114 bde-section\">\n  \n  \n\t\n\n\n\n<div class=\"section-container\"><div class=\"bde-columns-1154-115 bde-columns\"><div class=\"bde-column-1154-117 bde-column\">\n  \n  \n\t\n\n\n\n<div class=\"bde-div-1154-118 bde-div\">\n  \n  \n\t\n\n\n\n<div class=\"bde-div-1154-119 bde-div\">\n  \n  \n\t\n\n\n\n<h3 class=\"bde-heading-1154-120 bde-heading\">\nCNC machine manipulator\n<\/h3><div class=\"bde-div-1154-121 bde-div\">\n  \n  \n\t\n\n\n\n<div class=\"bde-button-1154-122 bde-button\" data-entrance=\"slideLeft\">\n    \n                        \n                        \n    \n    \n    \n    \n            \n                    \n            \n            \n\n    \n    \n    \n    \n    \n    <a class=\"breakdance-link button-atom button-atom--custom bde-button__button\" href=\"\/wp-content\/uploads\/2026\/02\/KPC_katalog_2025_tisk-1.pdf\" target=\"_blank\" data-type=\"url\"  >\n\n    \n        <span class=\"button-atom__text\">Catalogue for download<\/span>\n\n        \n        \n                <\/a>\n\n    \n\n\n<\/div><div class=\"bde-button-1154-123 bde-button\" data-entrance=\"slideLeft\">\n    \n                        \n                        \n    \n    \n    \n    \n            \n                    \n            \n            \n\n    \n    \n    \n    \n    \n    <a class=\"breakdance-link button-atom button-atom--custom bde-button__button\" href=\"\/wp-content\/uploads\/2026\/02\/KPC_katalog_2025_tisk-1.pdf\" target=\"_blank\" data-type=\"url\"  >\n\n    \n        <span class=\"button-atom__text\">&nbsp;<\/span>\n\n                            \n        \n                <\/a>\n\n    \n\n\n<\/div>\n<\/div>\n<\/div><div class=\"bde-fancy-divider-1154-124 bde-fancy-divider\">\n\n\n<div class=\"bde-fancy-divider__wrapper\">\n  <div class=\"bde-fancy-divider__separator\">\n  \t  <\/div>\n<\/div>\n\n<\/div><div class=\"bde-text-1154-164 bde-text\">\nThe Jig Manipulator is designed to make your job easier when maintaining or changing a jig in a CNC machine. It allows manipulation in the vertical and horizontal direction within reach of the rotating broken arm. The manipulator is mobile, manually repositionable on four wheels, but only either without a load or with a load stored on the trolley's storage area. The manipulator is supported on supports and running wheels as standard when handling the fixtures. The manipulator is equipped with a hydraulic cylinder whose stroke is controlled by a hydraulic hand pump. This makes the manipulator completely independent of an external power source.\n<\/div><div class=\"bde-gallery-1154-127 bde-gallery gallery-hover-arrows gallery-follow-cursor\">\n\n\n  \n\n\n\n\n\n\n\n  \n\n  <div class=\"ee-gallery-swiper breakdance-swiper-wrapper\" data-swiper-id=\"127\">\n    <div class=\"swiper\">\n\n<div class=\"ee-gallery ee-gallery--gallery-slider ee-gallery--slider ee-gallery--single ee-gallery--lightbox ee-gallery-- ee-gallery--caption- ee-gallery--caption-none ee-gallery--ratio swiper-wrapper\">\n                  \n      <a class=\"ee-gallery-item ee-gallery-item--image ee-gallery-item--single swiper-slide\" href=\"https:\/\/kpc.cz\/wp-content\/uploads\/2026\/02\/specialni-manipulace_DilenskaManipulace0061200x676_extra-large.webp\"  data-sub-html=\"<span><\/span>\" data-category=\"1\"                  data-lg-size=\"1200-676\"\n\n      >\n        <figure class=\"ee-gallery-item-figure\">\n                        <img loading=\"lazy\" decoding=\"async\" class=\"breakdance-image-object\" src=\"https:\/\/kpc.cz\/wp-content\/uploads\/2026\/02\/specialni-manipulace_DilenskaManipulace0061200x676_extra-large-1024x577.webp\" width=\"1024\" height=\"577\" srcset=\"https:\/\/kpc.cz\/wp-content\/uploads\/2026\/02\/specialni-manipulace_DilenskaManipulace0061200x676_extra-large.webp 1200w, https:\/\/kpc.cz\/wp-content\/uploads\/2026\/02\/specialni-manipulace_DilenskaManipulace0061200x676_extra-large-300x169.webp 300w, https:\/\/kpc.cz\/wp-content\/uploads\/2026\/02\/specialni-manipulace_DilenskaManipulace0061200x676_extra-large-1024x577.webp 1024w, https:\/\/kpc.cz\/wp-content\/uploads\/2026\/02\/specialni-manipulace_DilenskaManipulace0061200x676_extra-large-768x433.webp 768w\" sizes=\"auto, (max-width: 1200px) 100vw, 1200px\">\n          \n                  <\/figure>\n      <\/a>\n\n                \n      <a class=\"ee-gallery-item ee-gallery-item--image ee-gallery-item--single swiper-slide\" href=\"https:\/\/kpc.cz\/wp-content\/uploads\/2026\/02\/specialni-manipulace_DilenskaManipulace010_extra-large.webp\"  data-sub-html=\"<span><\/span>\" data-category=\"1\"                  data-lg-size=\"1500-1397\"\n\n      >\n        <figure class=\"ee-gallery-item-figure\">\n                        <img loading=\"lazy\" decoding=\"async\" class=\"breakdance-image-object\" src=\"https:\/\/kpc.cz\/wp-content\/uploads\/2026\/02\/specialni-manipulace_DilenskaManipulace010_extra-large-1024x954.webp\" width=\"1024\" height=\"954\" srcset=\"https:\/\/kpc.cz\/wp-content\/uploads\/2026\/02\/specialni-manipulace_DilenskaManipulace010_extra-large.webp 1500w, https:\/\/kpc.cz\/wp-content\/uploads\/2026\/02\/specialni-manipulace_DilenskaManipulace010_extra-large-300x279.webp 300w, https:\/\/kpc.cz\/wp-content\/uploads\/2026\/02\/specialni-manipulace_DilenskaManipulace010_extra-large-1024x954.webp 1024w, https:\/\/kpc.cz\/wp-content\/uploads\/2026\/02\/specialni-manipulace_DilenskaManipulace010_extra-large-768x715.webp 768w\" sizes=\"auto, (max-width: 1500px) 100vw, 1500px\">\n          \n                  <\/figure>\n      <\/a>\n\n                \n      <a class=\"ee-gallery-item ee-gallery-item--image ee-gallery-item--single swiper-slide\" href=\"https:\/\/kpc.cz\/wp-content\/uploads\/2026\/02\/specialni-manipulace_DilenskaManipulace011_extra-large.webp\"  data-sub-html=\"<span><\/span>\" data-category=\"1\"                  data-lg-size=\"1500-1125\"\n\n      >\n        <figure class=\"ee-gallery-item-figure\">\n                        <img loading=\"lazy\" decoding=\"async\" class=\"breakdance-image-object\" src=\"https:\/\/kpc.cz\/wp-content\/uploads\/2026\/02\/specialni-manipulace_DilenskaManipulace011_extra-large-1024x768.webp\" width=\"1024\" height=\"768\" srcset=\"https:\/\/kpc.cz\/wp-content\/uploads\/2026\/02\/specialni-manipulace_DilenskaManipulace011_extra-large.webp 1500w, https:\/\/kpc.cz\/wp-content\/uploads\/2026\/02\/specialni-manipulace_DilenskaManipulace011_extra-large-300x225.webp 300w, https:\/\/kpc.cz\/wp-content\/uploads\/2026\/02\/specialni-manipulace_DilenskaManipulace011_extra-large-1024x768.webp 1024w, https:\/\/kpc.cz\/wp-content\/uploads\/2026\/02\/specialni-manipulace_DilenskaManipulace011_extra-large-768x576.webp 768w\" sizes=\"auto, (max-width: 1500px) 100vw, 1500px\">\n          \n                  <\/figure>\n      <\/a>\n\n      \n  <\/div>\n\n    <\/div>\n                <div class=\"swiper-button-prev\">\n            \n        <\/div>\n        <div class=\"swiper-button-next\">\n            \n        <\/div>\n    \n            <div class=\"swiper-pagination\"><\/div>\n    \n  <\/div>\n\n\n<\/div><div class=\"bde-globalblock-1154-148 bde-globalblock\"><div class=\"bde-button-1181-100-1181-1 bde-button bde-button-1181-100\">\n    \n                        \n                        \n    \n    \n    \n    \n            \n                    \n            \n                           \n                       \n                 \n\n    \n    \n    \n                    \n    \n    <a class=\"breakdance-link button-atom button-atom--custom bde-button__button\" href=\"#\" target=\"_self\" data-type=\"action\"  data-action='{\"type\":\"popup\",\"popupOptions\":{\"popupId\":\"1179\",\"popupAction\":\"open\"}}' >\n\n    \n        <span class=\"button-atom__text\">Send a non-binding inquiry<\/span>\n\n                            \n        \n                <\/a>\n\n    \n\n\n<\/div><\/div>\n<\/div>\n<\/div><\/div><\/div>\n<\/section><section class=\"bde-section-1154-150 bde-section\">\n  \n  \n\t\n\n\n\n<div class=\"section-container\"><div class=\"bde-columns-1154-151 bde-columns\"><div class=\"bde-column-1154-152 bde-column\">\n  \n  \n\t\n\n\n\n<div class=\"bde-div-1154-153 bde-div\">\n  \n  \n\t\n\n\n\n<div class=\"bde-div-1154-154 bde-div\">\n  \n  \n\t\n\n\n\n<h3 class=\"bde-heading-1154-155 bde-heading\">\nManipulator for rotating runner housings\n<\/h3><div class=\"bde-div-1154-156 bde-div\">\n  \n  \n\t\n\n\n\n<div class=\"bde-button-1154-157 bde-button\" data-entrance=\"slideLeft\">\n    \n                        \n                        \n    \n    \n    \n    \n            \n                    \n            \n            \n\n    \n    \n    \n    \n    \n    <a class=\"breakdance-link button-atom button-atom--custom bde-button__button\" href=\"\/wp-content\/uploads\/2026\/02\/KPC_katalog_2025_tisk-1.pdf\" target=\"_blank\" data-type=\"url\"  >\n\n    \n        <span class=\"button-atom__text\">Catalogue for download<\/span>\n\n        \n        \n                <\/a>\n\n    \n\n\n<\/div><div class=\"bde-button-1154-158 bde-button\" data-entrance=\"slideLeft\">\n    \n                        \n                        \n    \n    \n    \n    \n            \n                    \n            \n            \n\n    \n    \n    \n    \n    \n    <a class=\"breakdance-link button-atom button-atom--custom bde-button__button\" href=\"\/wp-content\/uploads\/2026\/02\/KPC_katalog_2025_tisk-1.pdf\" target=\"_blank\" data-type=\"url\"  >\n\n    \n        <span class=\"button-atom__text\">&nbsp;<\/span>\n\n                            \n        \n                <\/a>\n\n    \n\n\n<\/div>\n<\/div>\n<\/div><div class=\"bde-fancy-divider-1154-159 bde-fancy-divider\">\n\n\n<div class=\"bde-fancy-divider__wrapper\">\n  <div class=\"bde-fancy-divider__separator\">\n  \t  <\/div>\n<\/div>\n\n<\/div><div class=\"bde-text-1154-165 bde-text\">\nThe runner box manipulator is designed to speed up work and increase safety when assembling and disassembling runner boxes. The manipulator is designed to handle all pre-specified types of runner boxes and their replacement grommets of various shapes and sizes.<br><br>This flexibility is guaranteed by the interchangeable manipulator heads. This makes it possible to handle virtually any number of enclosures, as the interchangeable heads can be added to the manipulator in the future. The manipulator is equipped with an adjustable counterweight for comfortable and easy adjustment of the centre of gravity position with regard to handling differently heavy loads (cabinets). It is also possible to rotate the counterweight around the axis of the manipulator and thus align the cabinet during assembly to guarantee easy assembly while ensuring the exact seating of the run-in cabinet in the assembly space.<br><br>In this way, the whole process of replacing the runner housing is accelerated to the shortest possible time, while at the same time increasing the safety of the operator.\n<\/div><div class=\"bde-gallery-1154-161 bde-gallery gallery-hover-arrows gallery-follow-cursor\">\n\n\n  \n\n\n\n\n\n\n\n  \n\n  <div class=\"ee-gallery-swiper breakdance-swiper-wrapper\" data-swiper-id=\"161\">\n    <div class=\"swiper\">\n\n<div class=\"ee-gallery ee-gallery--gallery-slider ee-gallery--slider ee-gallery--single ee-gallery--lightbox ee-gallery-- ee-gallery--caption- ee-gallery--caption-none ee-gallery--ratio swiper-wrapper\">\n                  \n      <a class=\"ee-gallery-item ee-gallery-item--image ee-gallery-item--single swiper-slide\" href=\"https:\/\/kpc.cz\/wp-content\/uploads\/2026\/02\/Manipulator_vpustky-scaled.png\"  data-sub-html=\"<span><\/span>\" data-category=\"1\"                  data-lg-size=\"2560-1350\"\n\n      >\n        <figure class=\"ee-gallery-item-figure\">\n                        <img loading=\"lazy\" decoding=\"async\" class=\"breakdance-image-object\" src=\"https:\/\/kpc.cz\/wp-content\/uploads\/2026\/02\/Manipulator_vpustky-1024x540.png\" width=\"1024\" height=\"540\" srcset=\"https:\/\/kpc.cz\/wp-content\/uploads\/2026\/02\/Manipulator_vpustky-scaled.png 2560w, https:\/\/kpc.cz\/wp-content\/uploads\/2026\/02\/Manipulator_vpustky-300x158.png 300w, https:\/\/kpc.cz\/wp-content\/uploads\/2026\/02\/Manipulator_vpustky-1024x540.png 1024w, https:\/\/kpc.cz\/wp-content\/uploads\/2026\/02\/Manipulator_vpustky-768x405.png 768w, https:\/\/kpc.cz\/wp-content\/uploads\/2026\/02\/Manipulator_vpustky-1536x810.png 1536w, https:\/\/kpc.cz\/wp-content\/uploads\/2026\/02\/Manipulator_vpustky-2048x1080.png 2048w, https:\/\/kpc.cz\/wp-content\/uploads\/2026\/02\/Manipulator_vpustky-18x9.png 18w\" sizes=\"auto, (max-width: 2560px) 100vw, 2560px\">\n          \n                  <\/figure>\n      <\/a>\n\n                \n      <a class=\"ee-gallery-item ee-gallery-item--image ee-gallery-item--single swiper-slide\" href=\"https:\/\/kpc.cz\/wp-content\/uploads\/2026\/03\/DilenskaManipulace_009-scaled.jpg\"  data-sub-html=\"<span><\/span>\" data-category=\"1\"                  data-lg-size=\"2560-1441\"\n\n      >\n        <figure class=\"ee-gallery-item-figure\">\n                        <img loading=\"lazy\" decoding=\"async\" class=\"breakdance-image-object\" src=\"https:\/\/kpc.cz\/wp-content\/uploads\/2026\/03\/DilenskaManipulace_009-1024x576.jpg\" width=\"1024\" height=\"576\" srcset=\"https:\/\/kpc.cz\/wp-content\/uploads\/2026\/03\/DilenskaManipulace_009-scaled.jpg 2560w, https:\/\/kpc.cz\/wp-content\/uploads\/2026\/03\/DilenskaManipulace_009-300x169.jpg 300w, https:\/\/kpc.cz\/wp-content\/uploads\/2026\/03\/DilenskaManipulace_009-1024x576.jpg 1024w, https:\/\/kpc.cz\/wp-content\/uploads\/2026\/03\/DilenskaManipulace_009-768x432.jpg 768w, https:\/\/kpc.cz\/wp-content\/uploads\/2026\/03\/DilenskaManipulace_009-1536x865.jpg 1536w, https:\/\/kpc.cz\/wp-content\/uploads\/2026\/03\/DilenskaManipulace_009-2048x1153.jpg 2048w, https:\/\/kpc.cz\/wp-content\/uploads\/2026\/03\/DilenskaManipulace_009-18x10.jpg 18w\" sizes=\"auto, (max-width: 2560px) 100vw, 2560px\">\n          \n                  <\/figure>\n      <\/a>\n\n                \n      <a class=\"ee-gallery-item ee-gallery-item--image ee-gallery-item--single swiper-slide\" href=\"https:\/\/kpc.cz\/wp-content\/uploads\/2026\/03\/IMG_1394-scaled.jpg\"  data-sub-html=\"<span><\/span>\" data-category=\"1\"                  data-lg-size=\"2560-1920\"\n\n      >\n        <figure class=\"ee-gallery-item-figure\">\n                        <img loading=\"lazy\" decoding=\"async\" class=\"breakdance-image-object\" src=\"https:\/\/kpc.cz\/wp-content\/uploads\/2026\/03\/IMG_1394-1024x768.jpg\" width=\"1024\" height=\"768\" srcset=\"https:\/\/kpc.cz\/wp-content\/uploads\/2026\/03\/IMG_1394-scaled.jpg 2560w, https:\/\/kpc.cz\/wp-content\/uploads\/2026\/03\/IMG_1394-300x225.jpg 300w, https:\/\/kpc.cz\/wp-content\/uploads\/2026\/03\/IMG_1394-1024x768.jpg 1024w, https:\/\/kpc.cz\/wp-content\/uploads\/2026\/03\/IMG_1394-768x576.jpg 768w, https:\/\/kpc.cz\/wp-content\/uploads\/2026\/03\/IMG_1394-1536x1152.jpg 1536w, https:\/\/kpc.cz\/wp-content\/uploads\/2026\/03\/IMG_1394-2048x1536.jpg 2048w, https:\/\/kpc.cz\/wp-content\/uploads\/2026\/03\/IMG_1394-16x12.jpg 16w\" sizes=\"auto, (max-width: 2560px) 100vw, 2560px\">\n          \n                  <\/figure>\n      <\/a>\n\n      \n  <\/div>\n\n    <\/div>\n                <div class=\"swiper-button-prev\">\n            \n        <\/div>\n        <div class=\"swiper-button-next\">\n            \n        <\/div>\n    \n            <div class=\"swiper-pagination\"><\/div>\n    \n  <\/div>\n\n\n<\/div><div class=\"bde-globalblock-1154-162 bde-globalblock\"><div class=\"bde-button-1181-100-1181-2 bde-button bde-button-1181-100\">\n    \n                        \n                        \n    \n    \n    \n    \n            \n                    \n            \n                           \n                       \n                 \n\n    \n    \n    \n                    \n    \n    <a class=\"breakdance-link button-atom button-atom--custom bde-button__button\" href=\"#\" target=\"_self\" data-type=\"action\"  data-action='{\"type\":\"popup\",\"popupOptions\":{\"popupId\":\"1179\",\"popupAction\":\"open\"}}' >\n\n    \n        <span class=\"button-atom__text\">Send a non-binding inquiry<\/span>\n\n                            \n        \n                <\/a>\n\n    \n\n\n<\/div><\/div>\n<\/div>\n<\/div><\/div><div class=\"bde-fancy-divider-1154-163 bde-fancy-divider\">\n\n\n<div class=\"bde-fancy-divider__wrapper\">\n  <div class=\"bde-fancy-divider__separator\">\n  \t  <\/div>\n<\/div>\n\n<\/div><\/div>\n<\/section>","protected":false},"excerpt":{"rendered":"<p>KPC Speci\u00e1ln\u00ed manipulace Speci\u00e1ln\u00ed manipul\u00e1tory slou\u017e\u00ed ke konkr\u00e9tn\u00ed manipulaci u obr\u00e1b\u011bc\u00edch stroj\u016f, technologick\u00fdch, v\u00fdrobn\u00edch \u010di mont\u00e1\u017en\u00edch linek. Jedn\u00e1 se o specifickou manipulaci, kterou nelze vykon\u00e1vat standardn\u00edmi univerz\u00e1ln\u00edmi manipula\u010dn\u00edmi prost\u0159edky. N\u00ed\u017ee jsou uvedeny p\u0159\u00edklady n\u011bkolika realizovan\u00fdch jedno\u00fa\u010delov\u00fdch manipul\u00e1tor\u016f. Manipul\u00e1tor CNC stroje Katalog ke sta\u017een\u00ed &nbsp; Manipul\u00e1tor s obr\u00e1b\u011bc\u00edmi p\u0159\u00edpravky je navr\u017een\u00fd pro uleh\u010den\u00ed pr\u00e1ce p\u0159i \u00fadr\u017eb\u011b [&hellip;]<\/p>\n","protected":false},"author":1,"featured_media":0,"parent":0,"menu_order":0,"comment_status":"closed","ping_status":"closed","template":"","meta":{"_acf_changed":false,"_breakdance_hide_in_design_set":false,"_breakdance_tags":"","footnotes":""},"class_list":["post-1154","page","type-page","status-publish","hentry"],"acf":[],"_links":{"self":[{"href":"https:\/\/kpc.cz\/en\/wp-json\/wp\/v2\/pages\/1154","targetHints":{"allow":["GET"]}}],"collection":[{"href":"https:\/\/kpc.cz\/en\/wp-json\/wp\/v2\/pages"}],"about":[{"href":"https:\/\/kpc.cz\/en\/wp-json\/wp\/v2\/types\/page"}],"author":[{"embeddable":true,"href":"https:\/\/kpc.cz\/en\/wp-json\/wp\/v2\/users\/1"}],"replies":[{"embeddable":true,"href":"https:\/\/kpc.cz\/en\/wp-json\/wp\/v2\/comments?post=1154"}],"version-history":[{"count":20,"href":"https:\/\/kpc.cz\/en\/wp-json\/wp\/v2\/pages\/1154\/revisions"}],"predecessor-version":[{"id":1796,"href":"https:\/\/kpc.cz\/en\/wp-json\/wp\/v2\/pages\/1154\/revisions\/1796"}],"wp:attachment":[{"href":"https:\/\/kpc.cz\/en\/wp-json\/wp\/v2\/media?parent=1154"}],"curies":[{"name":"wp","href":"https:\/\/api.w.org\/{rel}","templated":true}]}}