{"id":1152,"date":"2026-02-04T22:52:00","date_gmt":"2026-02-04T20:52:00","guid":{"rendered":"https:\/\/kpc.cz\/?page_id=1152"},"modified":"2026-03-12T17:44:45","modified_gmt":"2026-03-12T15:44:45","slug":"crane-cabins","status":"publish","type":"page","link":"https:\/\/kpc.cz\/en\/jerabove-kabiny\/","title":{"rendered":"Crane cabins"},"content":{"rendered":"<section class=\"bde-section-1152-100 bde-section\">\n              \n  \n  \n\t\n\n  <div class=\"section-background-overlay\"><\/div>\n\n\n<div class=\"section-container\"><\/div>\n<\/section><section class=\"bde-section-1152-101 bde-section\">\n  \n  \n\t\n\n\n\n<div class=\"section-container\"><div class=\"bde-div-1152-102 bde-div\">\n  \n  \n\t\n\n\n\n\n<\/div><\/div>\n<\/section><section class=\"bde-section-1152-103 bde-section\">\n  \n  \n\t\n\n\n\n<div class=\"section-container\"><div class=\"bde-div-1152-104 bde-div\">\n  \n  \n\t\n\n\n\n<div class=\"bde-breadcrumbs-1152-105 bde-breadcrumbs\" data-entrance=\"fade\"><nav aria-label=\"breadcrumbs\" class=\"rank-math-breadcrumb\"><p><span class=\"last\">KPC<\/span><\/p><\/nav><\/div><h1 class=\"bde-heading-1152-169 bde-heading\" data-entrance=\"fade\">\nCrane cabins\n<\/h1>\n<\/div><div class=\"bde-text-1152-107 bde-text\">\nCrane cabs determine the comfort, safety and concentration of the crane operator - and thus the quality of the entire handling operation. We offer virtually all types of cabs, from standard lightweight designs for indoor and outdoor use to special cabs designed for specific technologies and demanding environments. Cabs can be equipped with heating, air conditioning, water drainage, wipers and washers, sun screens, safety shields, CCTV and other features depending on the operation. The solution includes ergonomically designed crane chairs that increase comfort, allow individual positioning and support full operator concentration during work.\n<\/div><\/div>\n<\/section><section class=\"bde-section-1152-108 bde-section\">\n  \n  \n\t\n\n\n\n<div class=\"section-container\"><div class=\"bde-grid-1152-109 bde-grid\">\n  \n  \n\t\n\n\n\n<div class=\"bde-div-1152-110 bde-div\">\n  \n  \n\t\n\n\n\n<a class=\"bde-container-link-1152-111 bde-container-link breakdance-link\" href=\"\/en\/product\/cabins\/\" target=\"_self\" data-type=\"url\">\n  \n  \n\t\n\n\n\n<div class=\"bde-div-1152-112 bde-div\">\n  \n  \n\t\n\n\n\n\n<\/div><div class=\"bde-div-1152-113 bde-div\">\n  \n  \n\t\n\n\n\n<h3 class=\"bde-heading-1152-114 bde-heading\">\nCrane cabins\n<\/h3><div class=\"bde-div-1152-115 bde-div\">\n  \n  \n\t\n\n\n\n<div class=\"bde-button-1152-116 bde-button\" data-entrance=\"slideLeft\">\n    \n                        \n                        \n    \n    \n    \n    \n            \n                    \n            \n            \n\n    \n    \n    \n    \n    \n    <a class=\"breakdance-link button-atom button-atom--custom bde-button__button\" href=\"\/en\/product\/cabins\/\" target=\"_self\" data-type=\"url\"  >\n\n    \n        <span class=\"button-atom__text\">&nbsp;<\/span>\n\n                            \n        \n                <\/a>\n\n    \n\n\n<\/div>\n<\/div>\n<\/div>\n\n<\/a>\n<\/div><div class=\"bde-div-1152-162 bde-div\">\n  \n  \n\t\n\n\n\n<a class=\"bde-container-link-1152-163 bde-container-link breakdance-link\" href=\"\/en\/product\/jeroboam-chairs\/\" target=\"_self\" data-type=\"url\">\n  \n  \n\t\n\n\n\n<div class=\"bde-div-1152-164 bde-div\">\n  \n  \n\t\n\n\n\n\n<\/div><div class=\"bde-div-1152-165 bde-div\">\n  \n  \n\t\n\n\n\n<h3 class=\"bde-heading-1152-166 bde-heading\">\nCrane chairs\n<\/h3><div class=\"bde-div-1152-167 bde-div\">\n  \n  \n\t\n\n\n\n<div class=\"bde-button-1152-168 bde-button\" data-entrance=\"slideLeft\">\n    \n                        \n                        \n    \n    \n    \n    \n            \n                    \n            \n            \n\n    \n    \n    \n    \n    \n    <a class=\"breakdance-link button-atom button-atom--custom bde-button__button\" href=\"\/en\/product\/jeroboam-chairs\/\" target=\"_self\" data-type=\"url\"  >\n\n    \n        <span class=\"button-atom__text\">&nbsp;<\/span>\n\n                            \n        \n                <\/a>\n\n    \n\n\n<\/div>\n<\/div>\n<\/div>\n\n<\/a>\n<\/div>\n<\/div><\/div>\n<\/section>","protected":false},"excerpt":{"rendered":"<p>KPC Je\u0159\u00e1bov\u00e9 kabiny Je\u0159\u00e1bov\u00e9 kabiny ur\u010duj\u00ed pohodl\u00ed, bezpe\u010dnost i soust\u0159ed\u011bn\u00ed je\u0159\u00e1bn\u00edka \u2013 a t\u00edm i kvalitu cel\u00e9 manipulace. V na\u0161\u00ed nab\u00eddce jsou prakticky v\u0161echny typy kabin od standardn\u00edch lehk\u00fdch proveden\u00ed pro vnit\u0159n\u00ed i venkovn\u00ed pou\u017eit\u00ed a\u017e po speci\u00e1ln\u00ed kabiny navr\u017een\u00e9 pro konkr\u00e9tn\u00ed technologie a n\u00e1ro\u010dn\u00e1 prost\u0159ed\u00ed. Kabiny m\u016f\u017eeme vybavit vyt\u00e1p\u011bn\u00edm, klimatizac\u00ed, syst\u00e9mem odvodu vody, st\u011bra\u010di [&hellip;]<\/p>\n","protected":false},"author":1,"featured_media":0,"parent":0,"menu_order":0,"comment_status":"closed","ping_status":"closed","template":"","meta":{"_acf_changed":false,"_breakdance_hide_in_design_set":false,"_breakdance_tags":"","footnotes":""},"class_list":["post-1152","page","type-page","status-publish","hentry"],"acf":[],"_links":{"self":[{"href":"https:\/\/kpc.cz\/en\/wp-json\/wp\/v2\/pages\/1152","targetHints":{"allow":["GET"]}}],"collection":[{"href":"https:\/\/kpc.cz\/en\/wp-json\/wp\/v2\/pages"}],"about":[{"href":"https:\/\/kpc.cz\/en\/wp-json\/wp\/v2\/types\/page"}],"author":[{"embeddable":true,"href":"https:\/\/kpc.cz\/en\/wp-json\/wp\/v2\/users\/1"}],"replies":[{"embeddable":true,"href":"https:\/\/kpc.cz\/en\/wp-json\/wp\/v2\/comments?post=1152"}],"version-history":[{"count":10,"href":"https:\/\/kpc.cz\/en\/wp-json\/wp\/v2\/pages\/1152\/revisions"}],"predecessor-version":[{"id":1488,"href":"https:\/\/kpc.cz\/en\/wp-json\/wp\/v2\/pages\/1152\/revisions\/1488"}],"wp:attachment":[{"href":"https:\/\/kpc.cz\/en\/wp-json\/wp\/v2\/media?parent=1152"}],"curies":[{"name":"wp","href":"https:\/\/api.w.org\/{rel}","templated":true}]}}