{"id":1150,"date":"2026-02-04T22:51:48","date_gmt":"2026-02-04T20:51:48","guid":{"rendered":"https:\/\/kpc.cz\/?page_id=1150"},"modified":"2026-03-20T10:59:41","modified_gmt":"2026-03-20T08:59:41","slug":"replacement-parts-for-the-jeroboam-stroke","status":"publish","type":"page","link":"https:\/\/kpc.cz\/en\/nahradni-dily-zdvihu-jerabu\/","title":{"rendered":"Crane lift components"},"content":{"rendered":"<section class=\"bde-section-1150-100 bde-section\">\n              \n  \n  \n\t\n\n  <div class=\"section-background-overlay\"><\/div>\n\n\n<div class=\"section-container\"><\/div>\n<\/section><section class=\"bde-section-1150-101 bde-section\">\n  \n  \n\t\n\n\n\n<div class=\"section-container\"><div class=\"bde-div-1150-102 bde-div\">\n  \n  \n\t\n\n\n\n\n<\/div><\/div>\n<\/section><section class=\"bde-section-1150-103 bde-section\">\n  \n  \n\t\n\n\n\n<div class=\"section-container\"><div class=\"bde-div-1150-104 bde-div\">\n  \n  \n\t\n\n\n\n<div class=\"bde-breadcrumbs-1150-105 bde-breadcrumbs\" data-entrance=\"fade\"><nav aria-label=\"breadcrumbs\" class=\"rank-math-breadcrumb\"><p><span class=\"last\">KPC<\/span><\/p><\/nav><\/div><h1 class=\"bde-heading-1150-190 bde-heading\" data-entrance=\"fade\">\nCrane lift components\n<\/h1>\n<\/div><div class=\"bde-text-1150-107 bde-text\">\nThe lifting components determine the safe handling, the precise holding of the load and the service life of the entire lifting system. We focus on the supply and replacement of components that carry the main loads - from cable drums to drum bearings to lifting brakes. We select replacement parts to match the type of crane, the way it is operated and the existing design.<br>We help with standard maintenance as well as repairs after breakdowns or planned upgrades. The aim is to keep the hoist in good technical condition, reduce the risk of breakdowns and ensure that the crane operates safely and reliably throughout its full lifting capacity.\n<\/div><\/div>\n<\/section><section class=\"bde-section-1150-108 bde-section\">\n  \n  \n\t\n\n\n\n<div class=\"section-container\"><div class=\"bde-grid-1150-109 bde-grid\">\n  \n  \n\t\n\n\n\n<div class=\"bde-div-1150-162 bde-div\">\n  \n  \n\t\n\n\n\n<a class=\"bde-container-link-1150-163 bde-container-link breakdance-link\" href=\"\/en\/product\/stroke-brakes\/\" target=\"_self\" data-type=\"url\">\n  \n  \n\t\n\n\n\n<div class=\"bde-div-1150-164 bde-div\">\n  \n  \n\t\n\n\n\n\n<\/div><div class=\"bde-div-1150-165 bde-div\">\n  \n  \n\t\n\n\n\n<h3 class=\"bde-heading-1150-166 bde-heading\">\nStroke brakes\n<\/h3><div class=\"bde-div-1150-167 bde-div\">\n  \n  \n\t\n\n\n\n<div class=\"bde-button-1150-168 bde-button\" data-entrance=\"slideLeft\">\n    \n                        \n                        \n    \n    \n    \n    \n            \n                    \n            \n            \n\n    \n    \n    \n    \n    \n    <a class=\"breakdance-link button-atom button-atom--custom bde-button__button\" href=\"\/en\/product\/stroke-brakes\/\" target=\"_self\" data-type=\"url\"  >\n\n    \n        <span class=\"button-atom__text\">&nbsp;<\/span>\n\n                            \n        \n                <\/a>\n\n    \n\n\n<\/div>\n<\/div>\n<\/div>\n\n<\/a>\n<\/div><div class=\"bde-div-1150-169 bde-div\">\n  \n  \n\t\n\n\n\n<a class=\"bde-container-link-1150-170 bde-container-link breakdance-link\" href=\"\/en\/product\/emergency-braking-systems\/\" target=\"_self\" data-type=\"url\">\n  \n  \n\t\n\n\n\n<div class=\"bde-div-1150-171 bde-div\">\n  \n  \n\t\n\n\n\n\n<\/div><div class=\"bde-div-1150-172 bde-div\">\n  \n  \n\t\n\n\n\n<h3 class=\"bde-heading-1150-173 bde-heading\">\nEmergency braking systems\n<\/h3><div class=\"bde-div-1150-174 bde-div\">\n  \n  \n\t\n\n\n\n<div class=\"bde-button-1150-175 bde-button\" data-entrance=\"slideLeft\">\n    \n                        \n                        \n    \n    \n    \n    \n            \n                    \n            \n            \n\n    \n    \n    \n    \n    \n    <a class=\"breakdance-link button-atom button-atom--custom bde-button__button\" href=\"\/en\/product\/emergency-braking-systems\/\" target=\"_self\" data-type=\"url\"  >\n\n    \n        <span class=\"button-atom__text\">&nbsp;<\/span>\n\n                            \n        \n                <\/a>\n\n    \n\n\n<\/div>\n<\/div>\n<\/div>\n\n<\/a>\n<\/div><div class=\"bde-div-1150-176 bde-div\">\n  \n  \n\t\n\n\n\n<a class=\"bde-container-link-1150-177 bde-container-link breakdance-link\" href=\"\/en\/product\/new-drums\/\" target=\"_self\" data-type=\"url\">\n  \n  \n\t\n\n\n\n<div class=\"bde-div-1150-178 bde-div\">\n  \n  \n\t\n\n\n\n\n<\/div><div class=\"bde-div-1150-179 bde-div\">\n  \n  \n\t\n\n\n\n<h3 class=\"bde-heading-1150-180 bde-heading\">\nRope drums\n<\/h3><div class=\"bde-div-1150-181 bde-div\">\n  \n  \n\t\n\n\n\n<div class=\"bde-button-1150-182 bde-button\" data-entrance=\"slideLeft\">\n    \n                        \n                        \n    \n    \n    \n    \n            \n                    \n            \n            \n\n    \n    \n    \n    \n    \n    <a class=\"breakdance-link button-atom button-atom--custom bde-button__button\" href=\"\/en\/product\/new-drums\/\" target=\"_self\" data-type=\"url\"  >\n\n    \n        <span class=\"button-atom__text\">&nbsp;<\/span>\n\n                            \n        \n                <\/a>\n\n    \n\n\n<\/div>\n<\/div>\n<\/div>\n\n<\/a>\n<\/div><div class=\"bde-div-1150-183 bde-div\">\n  \n  \n\t\n\n\n\n<a class=\"bde-container-link-1150-184 bde-container-link breakdance-link\" href=\"\/en\/product\/drum-beds\/\" target=\"_self\" data-type=\"url\">\n  \n  \n\t\n\n\n\n<div class=\"bde-div-1150-185 bde-div\">\n  \n  \n\t\n\n\n\n\n<\/div><div class=\"bde-div-1150-186 bde-div\">\n  \n  \n\t\n\n\n\n<h3 class=\"bde-heading-1150-187 bde-heading\">\nDrum bearings\n<\/h3><div class=\"bde-div-1150-188 bde-div\">\n  \n  \n\t\n\n\n\n<div class=\"bde-button-1150-189 bde-button\" data-entrance=\"slideLeft\">\n    \n                        \n                        \n    \n    \n    \n    \n            \n                    \n            \n            \n\n    \n    \n    \n    \n    \n    <a class=\"breakdance-link button-atom button-atom--custom bde-button__button\" href=\"\/en\/product\/drum-beds\/\" target=\"_self\" data-type=\"url\"  >\n\n    \n        <span class=\"button-atom__text\">&nbsp;<\/span>\n\n                            \n        \n                <\/a>\n\n    \n\n\n<\/div>\n<\/div>\n<\/div>\n\n<\/a>\n<\/div>\n<\/div><\/div>\n<\/section>","protected":false},"excerpt":{"rendered":"<p>KPC Komponenty zdvihu je\u0159\u00e1bu Komponenty zdvihu rozhoduj\u00ed o bezpe\u010dn\u00e9 manipulaci, p\u0159esn\u00e9m dr\u017een\u00ed b\u0159emene i o \u017eivotnosti cel\u00e9ho zdvihac\u00edho \u00fastroj\u00ed. Zam\u011b\u0159ujeme se na dod\u00e1vky a v\u00fdm\u011bny komponent, kter\u00e9 nesou hlavn\u00ed zat\u00ed\u017een\u00ed \u2013 od lanov\u00fdch bubn\u016f p\u0159es bubnov\u00e1 lo\u017eiska a\u017e po zdvihov\u00e9 brzdy. N\u00e1hradn\u00ed d\u00edly vol\u00edme tak, aby odpov\u00eddaly typu je\u0159\u00e1bu, zp\u016fsobu provozu i st\u00e1vaj\u00edc\u00ed konstrukci.Pom\u00e1h\u00e1me jak [&hellip;]<\/p>\n","protected":false},"author":1,"featured_media":0,"parent":0,"menu_order":0,"comment_status":"closed","ping_status":"closed","template":"","meta":{"_acf_changed":false,"_breakdance_hide_in_design_set":false,"_breakdance_tags":"","footnotes":""},"class_list":["post-1150","page","type-page","status-publish","hentry"],"acf":[],"_links":{"self":[{"href":"https:\/\/kpc.cz\/en\/wp-json\/wp\/v2\/pages\/1150","targetHints":{"allow":["GET"]}}],"collection":[{"href":"https:\/\/kpc.cz\/en\/wp-json\/wp\/v2\/pages"}],"about":[{"href":"https:\/\/kpc.cz\/en\/wp-json\/wp\/v2\/types\/page"}],"author":[{"embeddable":true,"href":"https:\/\/kpc.cz\/en\/wp-json\/wp\/v2\/users\/1"}],"replies":[{"embeddable":true,"href":"https:\/\/kpc.cz\/en\/wp-json\/wp\/v2\/comments?post=1150"}],"version-history":[{"count":13,"href":"https:\/\/kpc.cz\/en\/wp-json\/wp\/v2\/pages\/1150\/revisions"}],"predecessor-version":[{"id":1990,"href":"https:\/\/kpc.cz\/en\/wp-json\/wp\/v2\/pages\/1150\/revisions\/1990"}],"wp:attachment":[{"href":"https:\/\/kpc.cz\/en\/wp-json\/wp\/v2\/media?parent=1150"}],"curies":[{"name":"wp","href":"https:\/\/api.w.org\/{rel}","templated":true}]}}