{"id":1148,"date":"2026-02-04T22:51:37","date_gmt":"2026-02-04T20:51:37","guid":{"rendered":"https:\/\/kpc.cz\/?page_id=1148"},"modified":"2026-03-12T17:43:43","modified_gmt":"2026-03-12T15:43:43","slug":"cranberry-tracks","status":"publish","type":"page","link":"https:\/\/kpc.cz\/en\/jerabove-drahy\/","title":{"rendered":"Crane tracks"},"content":{"rendered":"<section class=\"bde-section-1148-100 bde-section\">\n              \n  \n  \n\t\n\n  <div class=\"section-background-overlay\"><\/div>\n\n\n<div class=\"section-container\"><\/div>\n<\/section><section class=\"bde-section-1148-101 bde-section\">\n  \n  \n\t\n\n\n\n<div class=\"section-container\"><div class=\"bde-div-1148-102 bde-div\">\n  \n  \n\t\n\n\n\n\n<\/div><\/div>\n<\/section><section class=\"bde-section-1148-103 bde-section\">\n  \n  \n\t\n\n\n\n<div class=\"section-container\"><div class=\"bde-div-1148-104 bde-div\">\n  \n  \n\t\n\n\n\n<div class=\"bde-breadcrumbs-1148-105 bde-breadcrumbs\" data-entrance=\"fade\"><nav aria-label=\"breadcrumbs\" class=\"rank-math-breadcrumb\"><p><span class=\"last\">KPC<\/span><\/p><\/nav><\/div><h1 class=\"bde-heading-1148-141 bde-heading\" data-entrance=\"fade\">\nCrane tracks\n<\/h1>\n<\/div><div class=\"bde-text-1148-107 bde-text\">\nThe crane runway is a fundamental element of the entire crane system - it affects the safety of handling, the smoothness of travel and the service life of the cranes. We focus on the complete solution of crane tracks from the assessment of the existing condition, through the design of the technical solution to the implementation in relation to the supporting structure of the hall and the operating conditions. We design the runways to match the actual load, the type of operation and the required travel accuracy. We offer our customers both the supply of new crane tracks and the modification and modernisation of existing ones, with the aim of reducing wear, vibration and the risk of unplanned downtime and supporting stable production operations.\n<\/div><\/div>\n<\/section><section class=\"bde-section-1148-108 bde-section\">\n  \n  \n\t\n\n\n\n<div class=\"section-container\"><div class=\"bde-grid-1148-109 bde-grid\">\n  \n  \n\t\n\n\n\n<div class=\"bde-div-1148-110 bde-div\">\n  \n  \n\t\n\n\n\n<a class=\"bde-container-link-1148-111 bde-container-link breakdance-link\" href=\"\/en\/product\/rectification-and-repair-of-crane-tracks\/\" target=\"_self\" data-type=\"url\">\n  \n  \n\t\n\n\n\n<div class=\"bde-div-1148-112 bde-div\">\n  \n  \n\t\n\n\n\n\n<\/div>\n\n<\/a><div class=\"bde-div-1148-113 bde-div\">\n  \n  \n\t\n\n\n\n<h3 class=\"bde-heading-1148-114 bde-heading\">\nProduction of crane tracks\n<\/h3><div class=\"bde-div-1148-115 bde-div\">\n  \n  \n\t\n\n\n\n<div class=\"bde-button-1148-116 bde-button\" data-entrance=\"slideLeft\">\n    \n                        \n                        \n    \n    \n    \n    \n            \n                    \n            \n            \n\n    \n    \n    \n    \n    \n    <a class=\"breakdance-link button-atom button-atom--custom bde-button__button\" href=\"\/en\/product\/rectification-and-repair-of-crane-tracks\/\" target=\"_self\" data-type=\"url\"  >\n\n    \n        <span class=\"button-atom__text\">&nbsp;<\/span>\n\n                            \n        \n                <\/a>\n\n    \n\n\n<\/div>\n<\/div>\n<\/div>\n<\/div><div class=\"bde-div-1148-117 bde-div\">\n  \n  \n\t\n\n\n\n<a class=\"bde-container-link-1148-118 bde-container-link breakdance-link\" href=\"\/en\/product\/rectification-and-repair-of-crane-tracks\/\" target=\"_self\" data-type=\"url\">\n  \n  \n\t\n\n\n\n<div class=\"bde-div-1148-119 bde-div\">\n  \n  \n\t\n\n\n\n\n<\/div><div class=\"bde-div-1148-120 bde-div\">\n  \n  \n\t\n\n\n\n<h3 class=\"bde-heading-1148-121 bde-heading\">\nRectification and repair of crane tracks\n<\/h3><div class=\"bde-div-1148-122 bde-div\">\n  \n  \n\t\n\n\n\n<div class=\"bde-button-1148-123 bde-button\" data-entrance=\"slideLeft\">\n    \n                        \n                        \n    \n    \n    \n    \n            \n                    \n            \n            \n\n    \n    \n    \n    \n    \n    <a class=\"breakdance-link button-atom button-atom--custom bde-button__button\" href=\"\/en\/product\/rectification-and-repair-of-crane-tracks\/\" target=\"_self\" data-type=\"url\"  >\n\n    \n        <span class=\"button-atom__text\">&nbsp;<\/span>\n\n                            \n        \n                <\/a>\n\n    \n\n\n<\/div>\n<\/div>\n<\/div>\n\n<\/a>\n<\/div>\n<\/div><\/div>\n<\/section>","protected":false},"excerpt":{"rendered":"<p>KPC Je\u0159\u00e1bov\u00e9 dr\u00e1hy Je\u0159\u00e1bov\u00e1 dr\u00e1ha je z\u00e1kladn\u00edm prvkem cel\u00e9ho je\u0159\u00e1bov\u00e9ho syst\u00e9mu \u2013 ovliv\u0148uje bezpe\u010dnost manipulace, plynulost pojezdu i \u017eivotnost je\u0159\u00e1b\u016f. Zam\u011b\u0159ujeme se na kompletn\u00ed \u0159e\u0161en\u00ed je\u0159\u00e1bov\u00fdch drah od posouzen\u00ed st\u00e1vaj\u00edc\u00edho stavu, p\u0159es n\u00e1vrh technick\u00e9ho \u0159e\u0161en\u00ed a\u017e po realizaci v n\u00e1vaznosti na nosnou konstrukci haly a provozn\u00ed podm\u00ednky. Dr\u00e1hy navrhujeme tak, aby odpov\u00eddaly re\u00e1ln\u00e9mu zat\u00ed\u017een\u00ed, typu [&hellip;]<\/p>\n","protected":false},"author":1,"featured_media":0,"parent":0,"menu_order":0,"comment_status":"closed","ping_status":"closed","template":"","meta":{"_acf_changed":false,"_breakdance_hide_in_design_set":false,"_breakdance_tags":"","footnotes":""},"class_list":["post-1148","page","type-page","status-publish","hentry"],"acf":[],"_links":{"self":[{"href":"https:\/\/kpc.cz\/en\/wp-json\/wp\/v2\/pages\/1148","targetHints":{"allow":["GET"]}}],"collection":[{"href":"https:\/\/kpc.cz\/en\/wp-json\/wp\/v2\/pages"}],"about":[{"href":"https:\/\/kpc.cz\/en\/wp-json\/wp\/v2\/types\/page"}],"author":[{"embeddable":true,"href":"https:\/\/kpc.cz\/en\/wp-json\/wp\/v2\/users\/1"}],"replies":[{"embeddable":true,"href":"https:\/\/kpc.cz\/en\/wp-json\/wp\/v2\/comments?post=1148"}],"version-history":[{"count":11,"href":"https:\/\/kpc.cz\/en\/wp-json\/wp\/v2\/pages\/1148\/revisions"}],"predecessor-version":[{"id":1510,"href":"https:\/\/kpc.cz\/en\/wp-json\/wp\/v2\/pages\/1148\/revisions\/1510"}],"wp:attachment":[{"href":"https:\/\/kpc.cz\/en\/wp-json\/wp\/v2\/media?parent=1148"}],"curies":[{"name":"wp","href":"https:\/\/api.w.org\/{rel}","templated":true}]}}