{"id":1146,"date":"2026-02-04T22:51:23","date_gmt":"2026-02-04T20:51:23","guid":{"rendered":"https:\/\/kpc.cz\/?page_id=1146"},"modified":"2026-03-12T17:56:15","modified_gmt":"2026-03-12T15:56:15","slug":"gripping-and-handling-equipment","status":"publish","type":"page","link":"https:\/\/kpc.cz\/en\/uchopovaci-a-manipulacni-prostredky\/","title":{"rendered":"Gripping and handling equipment"},"content":{"rendered":"<section class=\"bde-section-1146-100 bde-section\">\n              \n  \n  \n\t\n\n  <div class=\"section-background-overlay\"><\/div>\n\n\n<div class=\"section-container\"><\/div>\n<\/section><section class=\"bde-section-1146-101 bde-section\">\n  \n  \n\t\n\n\n\n<div class=\"section-container\"><div class=\"bde-div-1146-102 bde-div\">\n  \n  \n\t\n\n\n\n\n<\/div><\/div>\n<\/section><section class=\"bde-section-1146-103 bde-section\">\n  \n  \n\t\n\n\n\n<div class=\"section-container\"><div class=\"bde-div-1146-104 bde-div\">\n  \n  \n\t\n\n\n\n<div class=\"bde-breadcrumbs-1146-105 bde-breadcrumbs\" data-entrance=\"fade\"><nav aria-label=\"breadcrumbs\" class=\"rank-math-breadcrumb\"><p><span class=\"last\">KPC<\/span><\/p><\/nav><\/div><h1 class=\"bde-heading-1146-197 bde-heading\" data-entrance=\"fade\">\nGripping and handling equipment\n<\/h1>\n<\/div><div class=\"bde-text-1146-107 bde-text\">\nWe always design the gripping and handling equipment according to the specific load and the method of handling. We supply clamps, C-hooks, traverses, grabs and other equipment for handling coils, blocks, extrusions or other heavy parts in steelworks, steelworks and engineering production. We address not only the load capacity and dimensions, but also the connection to the crane, the ergonomics of operation and the space possibilities of the hall.<br>The aim is safe and secure gripping of the load, clear work of the operator and smooth operation with minimum downtime. We treat each project as an individual one - from the design of the structure through production to commissioning and servicing during the lifetime of the equipment.\n<\/div><\/div>\n<\/section><section class=\"bde-section-1146-108 bde-section\">\n  \n  \n\t\n\n\n\n<div class=\"section-container\"><div class=\"bde-grid-1146-109 bde-grid\">\n  \n  \n\t\n\n\n\n<div class=\"bde-div-1146-110 bde-div\">\n  \n  \n\t\n\n\n\n<a class=\"bde-container-link-1146-111 bde-container-link breakdance-link\" href=\"\/en\/product\/pulleys-2\/\" target=\"_self\" data-type=\"url\">\n  \n  \n\t\n\n\n\n<div class=\"bde-div-1146-112 bde-div\">\n  \n  \n\t\n\n\n\n\n<\/div><div class=\"bde-div-1146-113 bde-div\">\n  \n  \n\t\n\n\n\n<h3 class=\"bde-heading-1146-114 bde-heading\">\nTreasury\n<\/h3><div class=\"bde-div-1146-115 bde-div\">\n  \n  \n\t\n\n\n\n<div class=\"bde-button-1146-116 bde-button\" data-entrance=\"slideLeft\">\n    \n                        \n                        \n    \n    \n    \n    \n            \n                    \n            \n            \n\n    \n    \n    \n    \n    \n    <a class=\"breakdance-link button-atom button-atom--custom bde-button__button\" href=\"\/en\/product\/pulleys-2\/\" target=\"_self\" data-type=\"url\"  >\n\n    \n        <span class=\"button-atom__text\">&nbsp;<\/span>\n\n                            \n        \n                <\/a>\n\n    \n\n\n<\/div>\n<\/div>\n<\/div>\n\n<\/a>\n<\/div><div class=\"bde-div-1146-169 bde-div\">\n  \n  \n\t\n\n\n\n<a class=\"bde-container-link-1146-170 bde-container-link breakdance-link\" href=\"\/en\/product\/jeroboam-traverses\/\" target=\"_self\" data-type=\"url\">\n  \n  \n\t\n\n\n\n<div class=\"bde-div-1146-171 bde-div\">\n  \n  \n\t\n\n\n\n\n<\/div><div class=\"bde-div-1146-172 bde-div\">\n  \n  \n\t\n\n\n\n<h3 class=\"bde-heading-1146-173 bde-heading\">\nCrane traverses\n<\/h3><div class=\"bde-div-1146-174 bde-div\">\n  \n  \n\t\n\n\n\n<div class=\"bde-button-1146-175 bde-button\" data-entrance=\"slideLeft\">\n    \n                        \n                        \n    \n    \n    \n    \n            \n                    \n            \n            \n\n    \n    \n    \n    \n    \n    <a class=\"breakdance-link button-atom button-atom--custom bde-button__button\" href=\"\/en\/product\/jeroboam-traverses\/\" target=\"_self\" data-type=\"url\"  >\n\n    \n        <span class=\"button-atom__text\">&nbsp;<\/span>\n\n                            \n        \n                <\/a>\n\n    \n\n\n<\/div>\n<\/div>\n<\/div>\n\n<\/a>\n<\/div><div class=\"bde-div-1146-176 bde-div\">\n  \n  \n\t\n\n\n\n<a class=\"bde-container-link-1146-177 bde-container-link breakdance-link\" href=\"\/en\/product\/kleste\/\" target=\"_self\" data-type=\"url\">\n  \n  \n\t\n\n\n\n<div class=\"bde-div-1146-178 bde-div\">\n  \n  \n\t\n\n\n\n\n<\/div><div class=\"bde-div-1146-179 bde-div\">\n  \n  \n\t\n\n\n\n<h3 class=\"bde-heading-1146-180 bde-heading\">\nPliers\n<\/h3><div class=\"bde-div-1146-181 bde-div\">\n  \n  \n\t\n\n\n\n<div class=\"bde-button-1146-182 bde-button\" data-entrance=\"slideLeft\">\n    \n                        \n                        \n    \n    \n    \n    \n            \n                    \n            \n            \n\n    \n    \n    \n    \n    \n    <a class=\"breakdance-link button-atom button-atom--custom bde-button__button\" href=\"\/en\/product\/kleste\/\" target=\"_self\" data-type=\"url\"  >\n\n    \n        <span class=\"button-atom__text\">&nbsp;<\/span>\n\n                            \n        \n                <\/a>\n\n    \n\n\n<\/div>\n<\/div>\n<\/div>\n\n<\/a>\n<\/div><div class=\"bde-div-1146-183 bde-div\">\n  \n  \n\t\n\n\n\n<a class=\"bde-container-link-1146-184 bde-container-link breakdance-link\" href=\"\/en\/product\/c-hooks\/\" target=\"_self\" data-type=\"url\">\n  \n  \n\t\n\n\n\n<div class=\"bde-div-1146-185 bde-div\">\n  \n  \n\t\n\n\n\n\n<\/div><div class=\"bde-div-1146-186 bde-div\">\n  \n  \n\t\n\n\n\n<h3 class=\"bde-heading-1146-187 bde-heading\">\nC-hooks\n<\/h3><div class=\"bde-div-1146-188 bde-div\">\n  \n  \n\t\n\n\n\n<div class=\"bde-button-1146-189 bde-button\" data-entrance=\"slideLeft\">\n    \n                        \n                        \n    \n    \n    \n    \n            \n                    \n            \n            \n\n    \n    \n    \n    \n    \n    <a class=\"breakdance-link button-atom button-atom--custom bde-button__button\" href=\"\/en\/product\/c-hooks\/\" target=\"_self\" data-type=\"url\"  >\n\n    \n        <span class=\"button-atom__text\">&nbsp;<\/span>\n\n                            \n        \n                <\/a>\n\n    \n\n\n<\/div>\n<\/div>\n<\/div>\n\n<\/a>\n<\/div><div class=\"bde-div-1146-190 bde-div\">\n  \n  \n\t\n\n\n\n<a class=\"bde-container-link-1146-191 bde-container-link breakdance-link\" href=\"\/en\/product\/drapes\/\" target=\"_self\" data-type=\"url\">\n  \n  \n\t\n\n\n\n<div class=\"bde-div-1146-192 bde-div\">\n  \n  \n\t\n\n\n\n\n<\/div><div class=\"bde-div-1146-193 bde-div\">\n  \n  \n\t\n\n\n\n<h3 class=\"bde-heading-1146-194 bde-heading\">\nGrabbers\n<\/h3><div class=\"bde-div-1146-195 bde-div\">\n  \n  \n\t\n\n\n\n<div class=\"bde-button-1146-196 bde-button\" data-entrance=\"slideLeft\">\n    \n                        \n                        \n    \n    \n    \n    \n            \n                    \n            \n            \n\n    \n    \n    \n    \n    \n    <a class=\"breakdance-link button-atom button-atom--custom bde-button__button\" href=\"\/en\/product\/drapes\/\" target=\"_self\" data-type=\"url\"  >\n\n    \n        <span class=\"button-atom__text\">&nbsp;<\/span>\n\n                            \n        \n                <\/a>\n\n    \n\n\n<\/div>\n<\/div>\n<\/div>\n\n<\/a>\n<\/div>\n<\/div><\/div>\n<\/section>","protected":false},"excerpt":{"rendered":"<p>KPC Uchopovac\u00ed a manipula\u010dn\u00ed prost\u0159edky Uchopovac\u00ed a manipula\u010dn\u00ed prost\u0159edky navrhujeme v\u017edy podle konkr\u00e9tn\u00edho b\u0159emene a zp\u016fsobu manipulace. Dod\u00e1v\u00e1me kle\u0161t\u011b, C-h\u00e1ky, traverzy, drap\u00e1ky a dal\u0161\u00ed za\u0159\u00edzen\u00ed pro manipulaci se svitky, bloky, v\u00fdlisky nebo jin\u00fdmi t\u011b\u017ek\u00fdmi d\u00edly v hut\u00edch, ocel\u00e1rn\u00e1ch i stroj\u00edrensk\u00e9 v\u00fdrob\u011b. \u0158e\u0161\u00edme nejen nosnost a rozm\u011bry, ale i napojen\u00ed na je\u0159\u00e1b, ergonomii ovl\u00e1d\u00e1n\u00ed a prostorov\u00e9 [&hellip;]<\/p>\n","protected":false},"author":1,"featured_media":0,"parent":0,"menu_order":0,"comment_status":"closed","ping_status":"closed","template":"","meta":{"_acf_changed":false,"_breakdance_hide_in_design_set":false,"_breakdance_tags":"","footnotes":""},"class_list":["post-1146","page","type-page","status-publish","hentry"],"acf":[],"_links":{"self":[{"href":"https:\/\/kpc.cz\/en\/wp-json\/wp\/v2\/pages\/1146","targetHints":{"allow":["GET"]}}],"collection":[{"href":"https:\/\/kpc.cz\/en\/wp-json\/wp\/v2\/pages"}],"about":[{"href":"https:\/\/kpc.cz\/en\/wp-json\/wp\/v2\/types\/page"}],"author":[{"embeddable":true,"href":"https:\/\/kpc.cz\/en\/wp-json\/wp\/v2\/users\/1"}],"replies":[{"embeddable":true,"href":"https:\/\/kpc.cz\/en\/wp-json\/wp\/v2\/comments?post=1146"}],"version-history":[{"count":15,"href":"https:\/\/kpc.cz\/en\/wp-json\/wp\/v2\/pages\/1146\/revisions"}],"predecessor-version":[{"id":1517,"href":"https:\/\/kpc.cz\/en\/wp-json\/wp\/v2\/pages\/1146\/revisions\/1517"}],"wp:attachment":[{"href":"https:\/\/kpc.cz\/en\/wp-json\/wp\/v2\/media?parent=1146"}],"curies":[{"name":"wp","href":"https:\/\/api.w.org\/{rel}","templated":true}]}}