{"id":1144,"date":"2026-02-04T22:51:09","date_gmt":"2026-02-04T20:51:09","guid":{"rendered":"https:\/\/kpc.cz\/?page_id=1144"},"modified":"2026-03-20T10:59:07","modified_gmt":"2026-03-20T08:59:07","slug":"other-spare-parts","status":"publish","type":"page","link":"https:\/\/kpc.cz\/en\/ostatni-nahradni-dily\/","title":{"rendered":"Other crane components"},"content":{"rendered":"<section class=\"bde-section-1144-100 bde-section\">\n              \n  \n  \n\t\n\n  <div class=\"section-background-overlay\"><\/div>\n\n\n<div class=\"section-container\"><\/div>\n<\/section><section class=\"bde-section-1144-101 bde-section\">\n  \n  \n\t\n\n\n\n<div class=\"section-container\"><div class=\"bde-div-1144-102 bde-div\">\n  \n  \n\t\n\n\n\n\n<\/div><\/div>\n<\/section><section class=\"bde-section-1144-103 bde-section\">\n  \n  \n\t\n\n\n\n<div class=\"section-container\"><div class=\"bde-div-1144-104 bde-div\">\n  \n  \n\t\n\n\n\n<div class=\"bde-breadcrumbs-1144-105 bde-breadcrumbs\" data-entrance=\"fade\"><nav aria-label=\"breadcrumbs\" class=\"rank-math-breadcrumb\"><p><span class=\"last\">KPC<\/span><\/p><\/nav><\/div><h1 class=\"bde-heading-1144-183 bde-heading\" data-entrance=\"fade\">\nOther crane components\n<\/h1>\n<\/div><div class=\"bde-text-1144-107 bde-text\">\nThis spare parts segment complements the complete service of cranes and manipulators - we address the elements that directly affect power transmission, safety and operator comfort. We supply clutches, gearboxes, gears, hooks, pulleys, trolleys and other components in designs to suit the specific type of equipment and operation. <br>We focus on compatibility with existing technology, correct sizing and selection of the appropriate design with respect to the load, environment and handling. We support both standard maintenance and upgrades and technical modifications to keep equipment operating safely and reliably with a minimum of unplanned downtime.\n<\/div><\/div>\n<\/section><section class=\"bde-section-1144-108 bde-section\">\n  \n  \n\t\n\n\n\n<div class=\"section-container\"><div class=\"bde-grid-1144-109 bde-grid\">\n  \n  \n\t\n\n\n\n<div class=\"bde-div-1144-110 bde-div\">\n  \n  \n\t\n\n\n\n<a class=\"bde-container-link-1144-111 bde-container-link breakdance-link\" href=\"\/en\/product\/watermelon-hooks\/\" target=\"_self\" data-type=\"url\">\n  \n  \n\t\n\n\n\n<div class=\"bde-div-1144-112 bde-div\">\n  \n  \n\t\n\n\n\n\n<\/div><div class=\"bde-div-1144-113 bde-div\">\n  \n  \n\t\n\n\n\n<h3 class=\"bde-heading-1144-114 bde-heading\">\nCrane hooks\n<\/h3><div class=\"bde-div-1144-115 bde-div\">\n  \n  \n\t\n\n\n\n<div class=\"bde-button-1144-116 bde-button\" data-entrance=\"slideLeft\">\n    \n                        \n                        \n    \n    \n    \n    \n            \n                    \n            \n            \n\n    \n    \n    \n    \n    \n    <a class=\"breakdance-link button-atom button-atom--custom bde-button__button\" href=\"\/en\/product\/watermelon-hooks\/\" target=\"_self\" data-type=\"url\"  >\n\n    \n        <span class=\"button-atom__text\">&nbsp;<\/span>\n\n                            \n        \n                <\/a>\n\n    \n\n\n<\/div>\n<\/div>\n<\/div>\n\n<\/a>\n<\/div><div class=\"bde-div-1144-155 bde-div\">\n  \n  \n\t\n\n\n\n<a class=\"bde-container-link-1144-156 bde-container-link breakdance-link\" href=\"\/en\/product\/pulleys\/\" target=\"_self\" data-type=\"url\">\n  \n  \n\t\n\n\n\n<div class=\"bde-div-1144-157 bde-div\">\n  \n  \n\t\n\n\n\n\n<\/div><div class=\"bde-div-1144-158 bde-div\">\n  \n  \n\t\n\n\n\n<h3 class=\"bde-heading-1144-159 bde-heading\">\nPulleys\n<\/h3><div class=\"bde-div-1144-160 bde-div\">\n  \n  \n\t\n\n\n\n<div class=\"bde-button-1144-161 bde-button\" data-entrance=\"slideLeft\">\n    \n                        \n                        \n    \n    \n    \n    \n            \n                    \n            \n            \n\n    \n    \n    \n    \n    \n    <a class=\"breakdance-link button-atom button-atom--custom bde-button__button\" href=\"\/en\/product\/pulleys\/\" target=\"_self\" data-type=\"url\"  >\n\n    \n        <span class=\"button-atom__text\">&nbsp;<\/span>\n\n                            \n        \n                <\/a>\n\n    \n\n\n<\/div>\n<\/div>\n<\/div>\n\n<\/a>\n<\/div><div class=\"bde-div-1144-162 bde-div\">\n  \n  \n\t\n\n\n\n<a class=\"bde-container-link-1144-163 bde-container-link breakdance-link\" href=\"\/en\/product\/clutches\/\" target=\"_self\" data-type=\"url\">\n  \n  \n\t\n\n\n\n<div class=\"bde-div-1144-164 bde-div\">\n  \n  \n\t\n\n\n\n\n<\/div><div class=\"bde-div-1144-165 bde-div\">\n  \n  \n\t\n\n\n\n<h3 class=\"bde-heading-1144-166 bde-heading\">\nClutches and cardan joints<br>shafts\n<\/h3><div class=\"bde-div-1144-167 bde-div\">\n  \n  \n\t\n\n\n\n<div class=\"bde-button-1144-168 bde-button\" data-entrance=\"slideLeft\">\n    \n                        \n                        \n    \n    \n    \n    \n            \n                    \n            \n            \n\n    \n    \n    \n    \n    \n    <a class=\"breakdance-link button-atom button-atom--custom bde-button__button\" href=\"\/en\/product\/clutches\/\" target=\"_self\" data-type=\"url\"  >\n\n    \n        <span class=\"button-atom__text\">&nbsp;<\/span>\n\n                            \n        \n                <\/a>\n\n    \n\n\n<\/div>\n<\/div>\n<\/div>\n\n<\/a>\n<\/div><div class=\"bde-div-1144-169 bde-div\">\n  \n  \n\t\n\n\n\n<a class=\"bde-container-link-1144-170 bde-container-link breakdance-link\" href=\"\/en\/product\/pinions-and-gears\/\" target=\"_self\" data-type=\"url\">\n  \n  \n\t\n\n\n\n<div class=\"bde-div-1144-171 bde-div\">\n  \n  \n\t\n\n\n\n\n<\/div><div class=\"bde-div-1144-172 bde-div\">\n  \n  \n\t\n\n\n\n<h3 class=\"bde-heading-1144-173 bde-heading\">\nPinions, gears<br>and gearboxes\n<\/h3><div class=\"bde-div-1144-174 bde-div\">\n  \n  \n\t\n\n\n\n<div class=\"bde-button-1144-175 bde-button\" data-entrance=\"slideLeft\">\n    \n                        \n                        \n    \n    \n    \n    \n            \n                    \n            \n            \n\n    \n    \n    \n    \n    \n    <a class=\"breakdance-link button-atom button-atom--custom bde-button__button\" href=\"\/en\/product\/pinions-and-gears\/\" target=\"_self\" data-type=\"url\"  >\n\n    \n        <span class=\"button-atom__text\">&nbsp;<\/span>\n\n                            \n        \n                <\/a>\n\n    \n\n\n<\/div>\n<\/div>\n<\/div>\n\n<\/a>\n<\/div><div class=\"bde-div-1144-176 bde-div\">\n  \n  \n\t\n\n\n\n<a class=\"bde-container-link-1144-177 bde-container-link breakdance-link\" href=\"\/en\/product\/energy-and-signal-transmission\/\" target=\"_self\" data-type=\"url\">\n  \n  \n\t\n\n\n\n<div class=\"bde-div-1144-178 bde-div\">\n  \n  \n\t\n\n\n\n\n<\/div><div class=\"bde-div-1144-179 bde-div\">\n  \n  \n\t\n\n\n\n<h3 class=\"bde-heading-1144-180 bde-heading\">\nPower and signal transmission\n<\/h3><div class=\"bde-div-1144-181 bde-div\">\n  \n  \n\t\n\n\n\n<div class=\"bde-button-1144-182 bde-button\" data-entrance=\"slideLeft\">\n    \n                        \n                        \n    \n    \n    \n    \n            \n                    \n            \n            \n\n    \n    \n    \n    \n    \n    <a class=\"breakdance-link button-atom button-atom--custom bde-button__button\" href=\"\/en\/product\/energy-and-signal-transmission\/\" target=\"_self\" data-type=\"url\"  >\n\n    \n        <span class=\"button-atom__text\">&nbsp;<\/span>\n\n                            \n        \n                <\/a>\n\n    \n\n\n<\/div>\n<\/div>\n<\/div>\n\n<\/a>\n<\/div>\n<\/div><\/div>\n<\/section>","protected":false},"excerpt":{"rendered":"<p>KPC Ostatn\u00ed je\u0159\u00e1bov\u00e9 komponenty Tento segment n\u00e1hradn\u00edch d\u00edl\u016f dopl\u0148uje kompletn\u00ed servis je\u0159\u00e1b\u016f a manipul\u00e1tor\u016f \u2013 \u0159e\u0161\u00edme prvky, kter\u00e9 p\u0159\u00edmo ovliv\u0148uj\u00ed p\u0159enos v\u00fdkonu, bezpe\u010dnost a komfort obsluhy. Dod\u00e1v\u00e1me spojky, p\u0159evodovky, ozuben\u00e1 kola, h\u00e1ky, kladky, troleje a dal\u0161\u00ed komponenty v proveden\u00edch odpov\u00eddaj\u00edc\u00edch konkr\u00e9tn\u00edmu typu za\u0159\u00edzen\u00ed a provozu. Zam\u011b\u0159ujeme se na kompatibilitu s existuj\u00edc\u00ed technikou, spr\u00e1vn\u00e9 dimenzov\u00e1n\u00ed a [&hellip;]<\/p>\n","protected":false},"author":1,"featured_media":0,"parent":0,"menu_order":0,"comment_status":"closed","ping_status":"closed","template":"","meta":{"_acf_changed":false,"_breakdance_hide_in_design_set":false,"_breakdance_tags":"","footnotes":""},"class_list":["post-1144","page","type-page","status-publish","hentry"],"acf":[],"_links":{"self":[{"href":"https:\/\/kpc.cz\/en\/wp-json\/wp\/v2\/pages\/1144","targetHints":{"allow":["GET"]}}],"collection":[{"href":"https:\/\/kpc.cz\/en\/wp-json\/wp\/v2\/pages"}],"about":[{"href":"https:\/\/kpc.cz\/en\/wp-json\/wp\/v2\/types\/page"}],"author":[{"embeddable":true,"href":"https:\/\/kpc.cz\/en\/wp-json\/wp\/v2\/users\/1"}],"replies":[{"embeddable":true,"href":"https:\/\/kpc.cz\/en\/wp-json\/wp\/v2\/comments?post=1144"}],"version-history":[{"count":14,"href":"https:\/\/kpc.cz\/en\/wp-json\/wp\/v2\/pages\/1144\/revisions"}],"predecessor-version":[{"id":1989,"href":"https:\/\/kpc.cz\/en\/wp-json\/wp\/v2\/pages\/1144\/revisions\/1989"}],"wp:attachment":[{"href":"https:\/\/kpc.cz\/en\/wp-json\/wp\/v2\/media?parent=1144"}],"curies":[{"name":"wp","href":"https:\/\/api.w.org\/{rel}","templated":true}]}}