{"id":1142,"date":"2026-02-04T22:50:57","date_gmt":"2026-02-04T20:50:57","guid":{"rendered":"https:\/\/kpc.cz\/?page_id=1142"},"modified":"2026-03-20T10:58:36","modified_gmt":"2026-03-20T08:58:36","slug":"replacement-parts-for-the-crane-running-gear","status":"publish","type":"page","link":"https:\/\/kpc.cz\/en\/nahradni-dily-pojezdu-jerabu\/","title":{"rendered":"Crane travel components"},"content":{"rendered":"<section class=\"bde-section-1142-100 bde-section\">\n              \n  \n  \n\t\n\n  <div class=\"section-background-overlay\"><\/div>\n\n\n<div class=\"section-container\"><\/div>\n<\/section><section class=\"bde-section-1142-101 bde-section\">\n  \n  \n\t\n\n\n\n<div class=\"section-container\"><div class=\"bde-div-1142-102 bde-div\">\n  \n  \n\t\n\n\n\n\n<\/div><\/div>\n<\/section><section class=\"bde-section-1142-103 bde-section\">\n  \n  \n\t\n\n\n\n<div class=\"section-container\"><div class=\"bde-div-1142-104 bde-div\">\n  \n  \n\t\n\n\n\n<div class=\"bde-breadcrumbs-1142-105 bde-breadcrumbs\" data-entrance=\"fade\"><nav aria-label=\"breadcrumbs\" class=\"rank-math-breadcrumb\"><p><span class=\"last\">KPC<\/span><\/p><\/nav><\/div><h1 class=\"bde-heading-1142-176 bde-heading\" data-entrance=\"fade\">\nCrane travel components\n<\/h1>\n<\/div><div class=\"bde-text-1142-107 bde-text\">\nSpare parts for the undercarriage are crucial for the safe and reliable operation of the crane. We focus on supplying and replacing parts that directly affect travel smoothness, wear and tear on the structure and the risk of unplanned downtime.<br>We supply running wheels, undercarriages and running brakes in designs to suit the specific type of crane and crane runway. We handle both replacements for existing parts as well as technical modifications when changing operations or upgrading equipment.<br>The aim is to keep the crane running in such a state that handling is stable, predictable and safe, with minimum service intervention and impact on productivity.\n<\/div><\/div>\n<\/section><section class=\"bde-section-1142-108 bde-section\">\n  \n  \n\t\n\n\n\n<div class=\"section-container\"><div class=\"bde-grid-1142-109 bde-grid\">\n  \n  \n\t\n\n\n\n<div class=\"bde-div-1142-110 bde-div\">\n  \n  \n\t\n\n\n\n<a class=\"bde-container-link-1142-111 bde-container-link breakdance-link\" href=\"\/en\/product\/running-blocks\/\" target=\"_self\" data-type=\"url\">\n  \n  \n\t\n\n\n\n<div class=\"bde-div-1142-112 bde-div\">\n  \n  \n\t\n\n\n\n\n<\/div><div class=\"bde-div-1142-113 bde-div\">\n  \n  \n\t\n\n\n\n<h3 class=\"bde-heading-1142-114 bde-heading\">\nRolling blocks\n<\/h3><div class=\"bde-div-1142-115 bde-div\">\n  \n  \n\t\n\n\n\n<div class=\"bde-button-1142-116 bde-button\" data-entrance=\"slideLeft\">\n    \n                        \n                        \n    \n    \n    \n    \n            \n                    \n            \n            \n\n    \n    \n    \n    \n    \n    <a class=\"breakdance-link button-atom button-atom--custom bde-button__button\" href=\"\/en\/product\/running-blocks\/\" target=\"_self\" data-type=\"url\"  >\n\n    \n        <span class=\"button-atom__text\">&nbsp;<\/span>\n\n                            \n        \n                <\/a>\n\n    \n\n\n<\/div>\n<\/div>\n<\/div>\n\n<\/a>\n<\/div><div class=\"bde-div-1142-162 bde-div\">\n  \n  \n\t\n\n\n\n<a class=\"bde-container-link-1142-163 bde-container-link breakdance-link\" href=\"\/en\/product\/running-brakes\/\" target=\"_self\" data-type=\"url\">\n  \n  \n\t\n\n\n\n<div class=\"bde-div-1142-164 bde-div\">\n  \n  \n\t\n\n\n\n\n<\/div><div class=\"bde-div-1142-165 bde-div\">\n  \n  \n\t\n\n\n\n<h3 class=\"bde-heading-1142-166 bde-heading\">\nRunning brakes\n<\/h3><div class=\"bde-div-1142-167 bde-div\">\n  \n  \n\t\n\n\n\n<div class=\"bde-button-1142-168 bde-button\" data-entrance=\"slideLeft\">\n    \n                        \n                        \n    \n    \n    \n    \n            \n                    \n            \n            \n\n    \n    \n    \n    \n    \n    <a class=\"breakdance-link button-atom button-atom--custom bde-button__button\" href=\"\/en\/product\/running-brakes\/\" target=\"_self\" data-type=\"url\"  >\n\n    \n        <span class=\"button-atom__text\">&nbsp;<\/span>\n\n                            \n        \n                <\/a>\n\n    \n\n\n<\/div>\n<\/div>\n<\/div>\n\n<\/a>\n<\/div><div class=\"bde-div-1142-169 bde-div\">\n  \n  \n\t\n\n\n\n<a class=\"bde-container-link-1142-170 bde-container-link breakdance-link\" href=\"\/en\/product\/running-wheels\/\" target=\"_self\" data-type=\"url\">\n  \n  \n\t\n\n\n\n<div class=\"bde-div-1142-171 bde-div\">\n  \n  \n\t\n\n\n\n\n<\/div><div class=\"bde-div-1142-172 bde-div\">\n  \n  \n\t\n\n\n\n<h3 class=\"bde-heading-1142-173 bde-heading\">\nRunning wheels\n<\/h3><div class=\"bde-div-1142-174 bde-div\">\n  \n  \n\t\n\n\n\n<div class=\"bde-button-1142-175 bde-button\" data-entrance=\"slideLeft\">\n    \n                        \n                        \n    \n    \n    \n    \n            \n                    \n            \n            \n\n    \n    \n    \n    \n    \n    <a class=\"breakdance-link button-atom button-atom--custom bde-button__button\" href=\"\/en\/product\/running-wheels\/\" target=\"_self\" data-type=\"url\"  >\n\n    \n        <span class=\"button-atom__text\">&nbsp;<\/span>\n\n                            \n        \n                <\/a>\n\n    \n\n\n<\/div>\n<\/div>\n<\/div>\n\n<\/a>\n<\/div>\n<\/div><\/div>\n<\/section>","protected":false},"excerpt":{"rendered":"<p>KPC Komponenty pojezdu je\u0159\u00e1bu N\u00e1hradn\u00ed d\u00edly pojezdu jsou kl\u00ed\u010dov\u00e9 pro bezpe\u010dn\u00fd a spolehliv\u00fd provoz je\u0159\u00e1bu. Zam\u011b\u0159ujeme se na dod\u00e1vky a v\u00fdm\u011bny d\u00edl\u016f, kter\u00e9 p\u0159\u00edmo ovliv\u0148uj\u00ed plynulost pojezdu, opot\u0159eben\u00ed konstrukce i riziko nepl\u00e1novan\u00fdch odst\u00e1vek.Dod\u00e1v\u00e1me pojezdov\u00e1 kola, podvozky a pojezdov\u00e9 brzdy v proveden\u00edch odpov\u00eddaj\u00edc\u00edch konkr\u00e9tn\u00edmu typu je\u0159\u00e1bu a je\u0159\u00e1bov\u00e9 dr\u00e1hy. \u0158e\u0161\u00edme jak n\u00e1hradu za st\u00e1vaj\u00edc\u00ed d\u00edly, tak [&hellip;]<\/p>\n","protected":false},"author":1,"featured_media":0,"parent":0,"menu_order":0,"comment_status":"closed","ping_status":"closed","template":"","meta":{"_acf_changed":false,"_breakdance_hide_in_design_set":false,"_breakdance_tags":"","footnotes":""},"class_list":["post-1142","page","type-page","status-publish","hentry"],"acf":[],"_links":{"self":[{"href":"https:\/\/kpc.cz\/en\/wp-json\/wp\/v2\/pages\/1142","targetHints":{"allow":["GET"]}}],"collection":[{"href":"https:\/\/kpc.cz\/en\/wp-json\/wp\/v2\/pages"}],"about":[{"href":"https:\/\/kpc.cz\/en\/wp-json\/wp\/v2\/types\/page"}],"author":[{"embeddable":true,"href":"https:\/\/kpc.cz\/en\/wp-json\/wp\/v2\/users\/1"}],"replies":[{"embeddable":true,"href":"https:\/\/kpc.cz\/en\/wp-json\/wp\/v2\/comments?post=1142"}],"version-history":[{"count":9,"href":"https:\/\/kpc.cz\/en\/wp-json\/wp\/v2\/pages\/1142\/revisions"}],"predecessor-version":[{"id":1988,"href":"https:\/\/kpc.cz\/en\/wp-json\/wp\/v2\/pages\/1142\/revisions\/1988"}],"wp:attachment":[{"href":"https:\/\/kpc.cz\/en\/wp-json\/wp\/v2\/media?parent=1142"}],"curies":[{"name":"wp","href":"https:\/\/api.w.org\/{rel}","templated":true}]}}