{"id":1140,"date":"2026-02-04T22:50:35","date_gmt":"2026-02-04T20:50:35","guid":{"rendered":"https:\/\/kpc.cz\/?page_id=1140"},"modified":"2026-03-12T17:45:32","modified_gmt":"2026-03-12T15:45:32","slug":"jeraby","status":"publish","type":"page","link":"https:\/\/kpc.cz\/en\/jeraby\/","title":{"rendered":"Cranes"},"content":{"rendered":"<section class=\"bde-section-1140-100 bde-section\">\n              \n  \n  \n\t\n\n  <div class=\"section-background-overlay\"><\/div>\n\n\n<div class=\"section-container\"><\/div>\n<\/section><section class=\"bde-section-1140-101 bde-section\">\n  \n  \n\t\n\n\n\n<div class=\"section-container\"><div class=\"bde-div-1140-102 bde-div\">\n  \n  \n\t\n\n\n\n\n<\/div><\/div>\n<\/section><section class=\"bde-section-1140-103 bde-section\">\n  \n  \n\t\n\n\n\n<div class=\"section-container\"><div class=\"bde-div-1140-104 bde-div\">\n  \n  \n\t\n\n\n\n<div class=\"bde-breadcrumbs-1140-105 bde-breadcrumbs\" data-entrance=\"fade\"><nav aria-label=\"breadcrumbs\" class=\"rank-math-breadcrumb\"><p><span class=\"last\">KPC<\/span><\/p><\/nav><\/div><h1 class=\"bde-heading-1140-207 bde-heading\" data-entrance=\"fade\">\nCranes\n<\/h1>\n<\/div><div class=\"bde-text-1140-107 bde-text\">\nWe design and supply cranes and lifting equipment according to the specific needs of the operation - from standard solutions to special applications for demanding industrial environments. We base the design on the required lifting capacity, the handling method, the hall layout and the connection to other technologies to ensure that the crane meets the requirements for safety, reliability and smooth operation of production in the long term.<br>Each project is handled individually - from the technical design through the supply of construction and components to commissioning and subsequent service. The aim is to ensure that the crane fits into the customer's technology and supports efficient and safe handling in the long term.\n<\/div><\/div>\n<\/section><section class=\"bde-section-1140-108 bde-section\">\n  \n  \n\t\n\n\n\n<div class=\"section-container\"><div class=\"bde-grid-1140-140 bde-grid\">\n  \n  \n\t\n\n\n\n<div class=\"bde-div-1140-151 bde-div\">\n  \n  \n\t\n\n\n\n<a class=\"bde-container-link-1140-150 bde-container-link breakdance-link\" href=\"\/en\/product\/portal-and-semi-portal-cranes\/\" target=\"_self\" data-type=\"url\">\n  \n  \n\t\n\n\n\n<div class=\"bde-div-1140-142 bde-div\">\n  \n  \n\t\n\n\n\n\n<\/div><div class=\"bde-div-1140-143 bde-div\">\n  \n  \n\t\n\n\n\n<h3 class=\"bde-heading-1140-145 bde-heading\">\nGantry cranes <br>and semi-portals\n<\/h3><div class=\"bde-div-1140-147 bde-div\">\n  \n  \n\t\n\n\n\n<div class=\"bde-button-1140-149 bde-button\" data-entrance=\"slideLeft\">\n    \n                        \n                        \n    \n    \n    \n    \n            \n                    \n            \n            \n\n    \n    \n    \n    \n    \n    <a class=\"breakdance-link button-atom button-atom--custom bde-button__button\" href=\"\/en\/product\/portal-and-semi-portal-cranes\/\" target=\"_self\" data-type=\"url\"  >\n\n    \n        <span class=\"button-atom__text\">&nbsp;<\/span>\n\n                            \n        \n                <\/a>\n\n    \n\n\n<\/div>\n<\/div>\n<\/div>\n\n<\/a>\n<\/div><div class=\"bde-div-1140-179 bde-div\">\n  \n  \n\t\n\n\n\n<a class=\"bde-container-link-1140-180 bde-container-link breakdance-link\" href=\"\/en\/product\/bridge-crane\/\" target=\"_self\" data-type=\"url\">\n  \n  \n\t\n\n\n\n<div class=\"bde-div-1140-181 bde-div\">\n  \n  \n\t\n\n\n\n\n<\/div><div class=\"bde-div-1140-182 bde-div\">\n  \n  \n\t\n\n\n\n<h3 class=\"bde-heading-1140-183 bde-heading\">\nBridge cranes\n<\/h3><div class=\"bde-div-1140-184 bde-div\">\n  \n  \n\t\n\n\n\n<div class=\"bde-button-1140-185 bde-button\" data-entrance=\"slideLeft\">\n    \n                        \n                        \n    \n    \n    \n    \n            \n                    \n            \n            \n\n    \n    \n    \n    \n    \n    <a class=\"breakdance-link button-atom button-atom--custom bde-button__button\" href=\"\/en\/product\/bridge-crane\/\" target=\"_self\" data-type=\"url\"  >\n\n    \n        <span class=\"button-atom__text\">&nbsp;<\/span>\n\n                            \n        \n                <\/a>\n\n    \n\n\n<\/div>\n<\/div>\n<\/div>\n\n<\/a>\n<\/div><div class=\"bde-div-1140-186 bde-div\">\n  \n  \n\t\n\n\n\n<a class=\"bde-container-link-1140-187 bde-container-link breakdance-link\" href=\"\/en\/product\/pillar-supports\/\" target=\"_self\" data-type=\"url\">\n  \n  \n\t\n\n\n\n<div class=\"bde-div-1140-188 bde-div\">\n  \n  \n\t\n\n\n\n\n<\/div><div class=\"bde-div-1140-189 bde-div\">\n  \n  \n\t\n\n\n\n<h3 class=\"bde-heading-1140-190 bde-heading\">\nColumn cranes\n<\/h3><div class=\"bde-div-1140-191 bde-div\">\n  \n  \n\t\n\n\n\n<div class=\"bde-button-1140-192 bde-button\" data-entrance=\"slideLeft\">\n    \n                        \n                        \n    \n    \n    \n    \n            \n                    \n            \n            \n\n    \n    \n    \n    \n    \n    <a class=\"breakdance-link button-atom button-atom--custom bde-button__button\" href=\"\/en\/product\/pillar-supports\/\" target=\"_self\" data-type=\"url\"  >\n\n    \n        <span class=\"button-atom__text\">&nbsp;<\/span>\n\n                            \n        \n                <\/a>\n\n    \n\n\n<\/div>\n<\/div>\n<\/div>\n\n<\/a>\n<\/div><div class=\"bde-div-1140-193 bde-div\">\n  \n  \n\t\n\n\n\n<a class=\"bde-container-link-1140-194 bde-container-link breakdance-link\" href=\"\/en\/product\/suspension-cranes\/\" target=\"_self\" data-type=\"url\">\n  \n  \n\t\n\n\n\n<div class=\"bde-div-1140-195 bde-div\">\n  \n  \n\t\n\n\n\n\n<\/div><div class=\"bde-div-1140-196 bde-div\">\n  \n  \n\t\n\n\n\n<h3 class=\"bde-heading-1140-197 bde-heading\">\nWhooping cranes\n<\/h3><div class=\"bde-div-1140-198 bde-div\">\n  \n  \n\t\n\n\n\n<div class=\"bde-button-1140-199 bde-button\" data-entrance=\"slideLeft\">\n    \n                        \n                        \n    \n    \n    \n    \n            \n                    \n            \n            \n\n    \n    \n    \n    \n    \n    <a class=\"breakdance-link button-atom button-atom--custom bde-button__button\" href=\"\/en\/product\/suspension-cranes\/\" target=\"_self\" data-type=\"url\"  >\n\n    \n        <span class=\"button-atom__text\">&nbsp;<\/span>\n\n                            \n        \n                <\/a>\n\n    \n\n\n<\/div>\n<\/div>\n<\/div>\n\n<\/a>\n<\/div><div class=\"bde-div-1140-200 bde-div\">\n  \n  \n\t\n\n\n\n<a class=\"bde-container-link-1140-201 bde-container-link breakdance-link\" href=\"\/en\/product\/mobile-handling\/\" target=\"_self\" data-type=\"url\">\n  \n  \n\t\n\n\n\n<div class=\"bde-div-1140-202 bde-div\">\n  \n  \n\t\n\n\n\n\n<\/div><div class=\"bde-div-1140-203 bde-div\">\n  \n  \n\t\n\n\n\n<h3 class=\"bde-heading-1140-204 bde-heading\">\nMobile handling\n<\/h3><div class=\"bde-div-1140-205 bde-div\">\n  \n  \n\t\n\n\n\n<div class=\"bde-button-1140-206 bde-button\" data-entrance=\"slideLeft\">\n    \n                        \n                        \n    \n    \n    \n    \n            \n                    \n            \n            \n\n    \n    \n    \n    \n    \n    <a class=\"breakdance-link button-atom button-atom--custom bde-button__button\" href=\"\/en\/product\/mobile-handling\/\" target=\"_self\" data-type=\"url\"  >\n\n    \n        <span class=\"button-atom__text\">&nbsp;<\/span>\n\n                            \n        \n                <\/a>\n\n    \n\n\n<\/div>\n<\/div>\n<\/div>\n\n<\/a>\n<\/div>\n<\/div><\/div>\n<\/section>","protected":false},"excerpt":{"rendered":"<p>KPC Je\u0159\u00e1by Projektujeme a dod\u00e1v\u00e1me je\u0159\u00e1by a zdvihac\u00ed za\u0159\u00edzen\u00ed podle konkr\u00e9tn\u00edch pot\u0159eb provozu \u2013 od b\u011b\u017en\u00fdch \u0159e\u0161en\u00ed a\u017e po speci\u00e1ln\u00ed aplikace pro n\u00e1ro\u010dn\u00e9 pr\u016fmyslov\u00e9 prost\u0159ed\u00ed. P\u0159i n\u00e1vrhu vych\u00e1z\u00edme z po\u017eadovan\u00e9 nosnosti, zp\u016fsobu manipulace, dispozi\u010dn\u00edho uspo\u0159\u00e1d\u00e1n\u00ed haly a n\u00e1vaznosti na dal\u0161\u00ed technologie, aby je\u0159\u00e1b dlouhodob\u011b spl\u0148oval po\u017eadavky na bezpe\u010dnost, spolehlivost a plynul\u00fd chod v\u00fdroby.Ka\u017ed\u00fd projekt \u0159e\u0161\u00edme [&hellip;]<\/p>\n","protected":false},"author":1,"featured_media":0,"parent":0,"menu_order":0,"comment_status":"closed","ping_status":"closed","template":"","meta":{"_acf_changed":false,"_breakdance_hide_in_design_set":false,"_breakdance_tags":"","footnotes":""},"class_list":["post-1140","page","type-page","status-publish","hentry"],"acf":[],"_links":{"self":[{"href":"https:\/\/kpc.cz\/en\/wp-json\/wp\/v2\/pages\/1140","targetHints":{"allow":["GET"]}}],"collection":[{"href":"https:\/\/kpc.cz\/en\/wp-json\/wp\/v2\/pages"}],"about":[{"href":"https:\/\/kpc.cz\/en\/wp-json\/wp\/v2\/types\/page"}],"author":[{"embeddable":true,"href":"https:\/\/kpc.cz\/en\/wp-json\/wp\/v2\/users\/1"}],"replies":[{"embeddable":true,"href":"https:\/\/kpc.cz\/en\/wp-json\/wp\/v2\/comments?post=1140"}],"version-history":[{"count":23,"href":"https:\/\/kpc.cz\/en\/wp-json\/wp\/v2\/pages\/1140\/revisions"}],"predecessor-version":[{"id":1511,"href":"https:\/\/kpc.cz\/en\/wp-json\/wp\/v2\/pages\/1140\/revisions\/1511"}],"wp:attachment":[{"href":"https:\/\/kpc.cz\/en\/wp-json\/wp\/v2\/media?parent=1140"}],"curies":[{"name":"wp","href":"https:\/\/api.w.org\/{rel}","templated":true}]}}